{"id":73,"date":"2017-09-17T22:00:50","date_gmt":"2017-09-17T22:00:50","guid":{"rendered":"https:\/\/www.peternet.biz\/website\/accueil\/"},"modified":"2017-10-25T06:36:39","modified_gmt":"2017-10-25T06:36:39","slug":"accueil","status":"publish","type":"page","link":"https:\/\/www.peternet.biz\/fr\/","title":{"rendered":"Accueil"},"content":{"rendered":"<div class=\"wpb-content-wrapper\"><p>[vc_row][vc_column][vc_column_text]<\/p>\n<h1 style=\"text-align: center;\">Design \u00e9lectronique, production et d\u00e9veloppement de logiciels<\/h1>\n<p>[\/vc_column_text][layerslider_vc id=\u00a0\u00bb1&Prime;][\/vc_column][\/vc_row][vc_row][vc_column width=\u00a0\u00bb1\/3&Prime;][vc_column_text]<\/p>\n<h1>D\u00e9veloppement d&rsquo;\u00e9lectronique personnalis\u00e9<\/h1>\n<p>Peternet Electronics d\u00e9veloppe des cartes de circuits \u00e9lectroniques personnalis\u00e9es pour contr\u00f4ler et visualiser votre application sp\u00e9cifique. Cela permet des applications sans fil, des applications r\u00e9seau, des contr\u00f4leurs de moteur, des alimentations, des applications d&rsquo;interface, l&rsquo;acquisition de donn\u00e9es, &#8230;<\/p>\n<p>De l&rsquo;id\u00e9e \u00e0 la carte de circuit \u00e9lectronique, nous pouvons vous aider avec le d\u00e9veloppement et avec le c\u00f4t\u00e9 logiciel associ\u00e9 de votre projet \u00e9lectronique, la connexion entre vos applications sp\u00e9cifiques et Internet, la t\u00e9l\u00e9commande, etc. &#8230;, la production de vos circuits imprim\u00e9s et la certification.[\/vc_column_text][\/vc_column][vc_column width=\u00a0\u00bb1\/3&Prime;][vc_column_text]<\/p>\n<h1>Firmware et logiciel pour microcontr\u00f4leurs<\/h1>\n<p>Presque toute carte de circuit \u00e9lectronique comporte un ou plusieurs microcontr\u00f4leurs. Ils peuvent parfois \u00eatre tr\u00e8s petits et compter m\u00eame quelques \u00e9pingles. Peternet Electronics d\u00e9veloppe un microprogramme personnalis\u00e9 pour les microcontr\u00f4leurs. Nous pouvons le faire dans diff\u00e9rentes langues de programmation telles que le langage d&rsquo;assemblage, C et C ++, &#8230; et aussi avec ou sans syst\u00e8me d&rsquo;exploitation.[\/vc_column_text][\/vc_column][vc_column width=\u00a0\u00bb1\/3&Prime;][vc_column_text]<\/p>\n<h1>Logiciels personnalis\u00e9s li\u00e9s \u00e0 l&rsquo;\u00e9lectronique<\/h1>\n<p>Tout comme toute carte de circuit \u00e9lectronique comporte un ou plusieurs microcontr\u00f4leurs avec le micrologiciel requis, un design \u00e9lectronique moderne n\u00e9cessitera probablement une interface avec un p\u00e9riph\u00e9rique tel qu&rsquo;un ordinateur, une tablette, un smartphone ou d&rsquo;autres appareils. Peternet Electronics d\u00e9veloppe des logiciels personnalis\u00e9s li\u00e9s \u00e0 l&rsquo;\u00e9lectronique pour PC ou smartphone. Cela peut \u00eatre utilis\u00e9 pour diff\u00e9rents syst\u00e8mes d&rsquo;exploitation comme MacOS, Linux et Windows et dans diff\u00e9rentes langues comme C #, C ++, Java.[\/vc_column_text][\/vc_column][\/vc_row][vc_row][vc_column width=\u00a0\u00bb1\/3&Prime;][vc_column_text]<\/p>\n<h1>Conseil en conception \u00e9lectronique<\/h1>\n<p>Nous pouvons vous joindre \u00e0 votre entreprise et aider votre d\u00e9partement de conception \u00e9lectronique en termes de mots et d&rsquo;actes avec la conception de carte de circuit \u00e9lectronique, le firmware et le d\u00e9veloppement de logiciels. Nous pouvons \u00e9galement travailler avec vos ing\u00e9nieurs m\u00e9caniciens pour cr\u00e9er des cartes de circuits \u00e9lectroniques avec m\u00eame des formes complexes qui s&rsquo;ins\u00e8rent dans le bo\u00eetier.[\/vc_column_text][\/vc_column][vc_column width=\u00a0\u00bb1\/3&Prime;][vc_column_text]<\/p>\n<h1>Solutions de contr\u00f4le bas\u00e9es sur PLC<\/h1>\n<p>Si vous avez besoin d&rsquo;un contr\u00f4leur complexe, mais vous n&rsquo;avez besoin que d&rsquo;une ou quelques copies, vous pouvez souvent utiliser un automate (contr\u00f4leur logique programmable) dans ce cas. Laissez-nous monter une bo\u00eete de contr\u00f4le avec l&rsquo;automate et tous les composants p\u00e9riph\u00e9riques requis pour votre application. Nous avons une bonne exp\u00e9rience avec les automates Beckhoff et TwinCAT, et nous pouvons m\u00eame les connecter \u00e0 nos panneaux \u00e9lectroniques d\u00e9velopp\u00e9s afin que vous puissiez utiliser un m\u00e9lange.[\/vc_column_text][\/vc_column][vc_column width=\u00a0\u00bb1\/3&Prime;][vc_column_text]<\/p>\n<h1>Ing\u00e9nierie inverse des cartes de circuits \u00e9lectroniques (PCB), des logiciels et des donn\u00e9es de communication<\/h1>\n<p>Il existe de nombreuses machines qui fonctionnent tr\u00e8s bien, mais cela d\u00e9pend des cartes de circuits \u00e9lectroniques qui ne sont plus disponibles. Qu&rsquo;il s&rsquo;agisse de conceptions plus anciennes dont vous n&rsquo;avez plus les donn\u00e9es de conception, vous n&rsquo;avez qu&rsquo;\u00e0 quelques dessins ou fichiers PDF o\u00f9 vous ne pouvez pas g\u00e9n\u00e9rer de donn\u00e9es de production. Cela peut se produire dans les cas o\u00f9 un fournisseur n&rsquo;existe plus. Pour plusieurs raisons, le PCB est toujours susceptible de continuer \u00e0 l&rsquo;utiliser dans votre produit. Parfois, il peut \u00eatre utile d&rsquo;investir le temps d&rsquo;analyser et de red\u00e9couvrir en fonction des graphiques existants et \u00e9ventuellement des dessins ou des fichiers PDF. De nombreux panneaux sont adapt\u00e9s \u00e0 l&rsquo;ing\u00e9nierie inverse.<\/p>\n<p>En plus de l&rsquo;ing\u00e9nierie inverse, nous pouvons dans la plupart des cas mettre \u00e0 niveau la PCB (PCB) afin qu&rsquo;elle ait la m\u00eame fonctionnalit\u00e9, mais avec une technologie de pointe et compos\u00e9e de composants \u00e9lectroniques plus facilement accessibles, car les PCB plus anciens sont soumis \u00e0 des composants obsol\u00e8tes.<\/p>\n<p>Il en va de m\u00eame pour les logiciels car il peut encore fonctionner sur un ancien syst\u00e8me d&rsquo;exploitation qui n&rsquo;est plus compatible avec le mat\u00e9riel moderne et, par cons\u00e9quent, vous ne pouvez pas cr\u00e9er un nouveau syst\u00e8me avec ce logiciel. Nous pouvons \u00e9galement vous assister dans ce domaine.<\/p>\n<p>Vous pouvez \u00e9galement avoir un ancien appareil que personne ne sait encore comment il communique avec d&rsquo;autres syst\u00e8mes. Nous pouvons \u00e9couter et analyser les donn\u00e9es de communication pour d\u00e9couvrir comment elle communique et cr\u00e9er un p\u00e9riph\u00e9rique qui fait exactement la m\u00eame chose ou les autres choses avec les donn\u00e9es.[\/vc_column_text][\/vc_column][\/vc_row][vc_row css=\u00a0\u00bb.vc_custom_1506069572123{background-color: #7293b5 !important;}\u00a0\u00bb][vc_column width=\u00a0\u00bb1\/2&Prime; el_id=\u00a0\u00bbcontact_peternet_element_fr\u00a0\u00bb el_class=\u00a0\u00bbcontact_peternet_class_fr\u00a0\u00bb css=\u00a0\u00bb.vc_custom_1506069703820{margin-top: 10px !important;margin-right: 10px !important;margin-bottom: 10px !important;margin-left: 10px !important;border-top-width: 10px !important;border-right-width: 10px !important;border-bottom-width: 10px !important;border-left-width: 10px !important;padding-top: 10px !important;padding-right: 10px !important;padding-bottom: 10px !important;padding-left: 10px !important;}\u00a0\u00bb][vc_column_text]<\/p>\n<h1>Contactez nous<\/h1>\n<p>[\/vc_column_text]<style type=\"text\/css\" >#rd_e0f6dsg9yq6bnpp9rhf2 .wpcf7,#rd_e0f6dsg9yq6bnpp9rhf2 input:not([type=submit]):not([type=checkbox]),#rd_e0f6dsg9yq6bnpp9rhf2 textarea,#rd_e0f6dsg9yq6bnpp9rhf2 .wpcf7 select,#rd_e0f6dsg9yq6bnpp9rhf2 .wpcf7 input[type=\"checkbox\"]:checked{color:#dddddd;}#rd_e0f6dsg9yq6bnpp9rhf2 .wpcf7 input[type=\"checkbox\"]{background:rgba(0,0,0,0); color:rgba(0,0,0,0);}#rd_e0f6dsg9yq6bnpp9rhf2 .wpcf7 input[type=submit]{font-size:15px; font-weight:900; border-radius:2px; padding:11px 15px; letter-spacing: 0.5px; margin-top:3px;}#rd_e0f6dsg9yq6bnpp9rhf2 .wpcf7 input[type=submit]:hover {background:#6d97bf; color:#ffffff !important;}#rd_e0f6dsg9yq6bnpp9rhf2 .wpcf7 textarea{height:200px;}#rd_e0f6dsg9yq6bnpp9rhf2 .wpcf7 input:not([type=submit]):not([type=checkbox]),#rd_e0f6dsg9yq6bnpp9rhf2 textarea,#rd_e0f6dsg9yq6bnpp9rhf2 .wpcf7 select{border-radius:5px;}#rd_e0f6dsg9yq6bnpp9rhf2 .wpcf7 input:not([type=submit]),#rd_e0f6dsg9yq6bnpp9rhf2 textarea,#rd_e0f6dsg9yq6bnpp9rhf2 .wpcf7 input[type=submit],#rd_e0f6dsg9yq6bnpp9rhf2 .wpcf7 select{margin-top:3px;}#rd_e0f6dsg9yq6bnpp9rhf2 p{margin-bottom:13px;}#rd_e0f6dsg9yq6bnpp9rhf2 .wpcf7 input:not([type=submit]):not([type=checkbox]),#rd_e0f6dsg9yq6bnpp9rhf2 .wpcf7  textarea,#rd_e0f6dsg9yq6bnpp9rhf2 .wpcf7 select{border:1px solid #ecf0f1; background:#89a6c1;}#rd_e0f6dsg9yq6bnpp9rhf2 .wpcf7 input[type=submit]{background:; color: !important;}<\/style><div id=\"rd_e0f6dsg9yq6bnpp9rhf2\" class=\"rda_flipInY\">\n<div class=\"wpcf7 no-js\" id=\"wpcf7-f248-o1\" lang=\"\" dir=\"ltr\" data-wpcf7-id=\"248\">\n<div class=\"screen-reader-response\"><p role=\"status\" aria-live=\"polite\" aria-atomic=\"true\"><\/p> <ul><\/ul><\/div>\n<form action=\"\/fr\/wp-json\/wp\/v2\/pages\/73#wpcf7-f248-o1\" method=\"post\" class=\"wpcf7-form init\" aria-label=\"Formulaire de contact\" novalidate=\"novalidate\" data-status=\"init\">\n<fieldset class=\"hidden-fields-container\"><input type=\"hidden\" name=\"_wpcf7\" value=\"248\" \/><input type=\"hidden\" name=\"_wpcf7_version\" value=\"6.1.5\" \/><input type=\"hidden\" name=\"_wpcf7_locale\" value=\"\" \/><input type=\"hidden\" name=\"_wpcf7_unit_tag\" value=\"wpcf7-f248-o1\" \/><input type=\"hidden\" name=\"_wpcf7_container_post\" value=\"0\" \/><input type=\"hidden\" name=\"_wpcf7_posted_data_hash\" value=\"\" \/><input type=\"hidden\" name=\"_wpcf7_recaptcha_response\" value=\"\" \/>\n<\/fieldset>\n<p><label> Nom de famille (obligatoire)<br \/>\n<span class=\"wpcf7-form-control-wrap\" data-name=\"last-name\"><input size=\"40\" maxlength=\"400\" class=\"wpcf7-form-control wpcf7-text wpcf7-validates-as-required\" aria-required=\"true\" aria-invalid=\"false\" value=\"\" type=\"text\" name=\"last-name\" \/><\/span> <\/label>\n<\/p>\n<p><label> Pr\u00e9nom (obligatoire)<br \/>\n<span class=\"wpcf7-form-control-wrap\" data-name=\"first-name\"><input size=\"40\" maxlength=\"400\" class=\"wpcf7-form-control wpcf7-text wpcf7-validates-as-required\" aria-required=\"true\" aria-invalid=\"false\" value=\"\" type=\"text\" name=\"first-name\" \/><\/span> <\/label>\n<\/p>\n<p><label> Adresse e-mail (obligatoire)<br \/>\n<span class=\"wpcf7-form-control-wrap\" data-name=\"email\"><input size=\"40\" maxlength=\"400\" class=\"wpcf7-form-control wpcf7-email wpcf7-validates-as-required wpcf7-text wpcf7-validates-as-email\" aria-required=\"true\" aria-invalid=\"false\" value=\"\" type=\"email\" name=\"email\" \/><\/span> <\/label>\n<\/p>\n<p><label> Sujet<br \/>\n<span class=\"wpcf7-form-control-wrap\" data-name=\"subject\"><input size=\"40\" maxlength=\"400\" class=\"wpcf7-form-control wpcf7-text\" aria-invalid=\"false\" value=\"\" type=\"text\" name=\"subject\" \/><\/span> <\/label>\n<\/p>\n<p><label> Votre message<br \/>\n<span class=\"wpcf7-form-control-wrap\" data-name=\"message\"><textarea cols=\"40\" rows=\"10\" maxlength=\"2000\" class=\"wpcf7-form-control wpcf7-textarea\" aria-invalid=\"false\" name=\"message\"><\/textarea><\/span> <\/label>\n<\/p>\n\n<p><input class=\"wpcf7-form-control wpcf7-submit has-spinner\" type=\"submit\" value=\"Envoyer\" \/>\n<\/p><p style=\"display: none !important;\" class=\"akismet-fields-container\" data-prefix=\"_wpcf7_ak_\"><label>&#916;<textarea name=\"_wpcf7_ak_hp_textarea\" cols=\"45\" rows=\"8\" maxlength=\"100\"><\/textarea><\/label><input type=\"hidden\" id=\"ak_js_1\" name=\"_wpcf7_ak_js\" value=\"8\"\/><script>document.getElementById( \"ak_js_1\" ).setAttribute( \"value\", ( new Date() ).getTime() );<\/script><\/p><div class=\"wpcf7-response-output\" aria-hidden=\"true\"><\/div>\n<\/form>\n<\/div>\n<\/div>[\/vc_column][vc_column width=\u00a0\u00bb1\/2&Prime; css=\u00a0\u00bb.vc_custom_1506069787625{margin-top: 10px !important;margin-right: 10px !important;margin-bottom: 10px !important;margin-left: 10px !important;border-top-width: 10px !important;border-right-width: 10px !important;border-bottom-width: 10px !important;border-left-width: 10px !important;padding-top: 10px !important;padding-right: 10px !important;padding-bottom: 10px !important;padding-left: 10px !important;}\u00a0\u00bb][vc_column_text]<\/p>\n<h1>Publications r\u00e9centes<\/h1>\n<p>[\/vc_column_text]<style type=\"text\/css\" >#rp_31bkp0q1ilm4bicnrvh0 .post-title h2 a{color:#2c3e50;}#rp_31bkp0q1ilm4bicnrvh0 .rp_entry{color:#e8e8e8; border-color:#ecf0f1;}#rp_31bkp0q1ilm4bicnrvh0 .rp_post_info a{color:#288bd0;}#rp_31bkp0q1ilm4bicnrvh0 .rp_post_time{background:#2c3e50; color:#fff;}#rp_31bkp0q1ilm4bicnrvh0 .post-title h2 a:hover,#rp_31bkp0q1ilm4bicnrvh0 .rp_post_info a:hover{color:#2396e6;}#rp_31bkp0q1ilm4bicnrvh0 .blog_load_more_cont {bottom:-70px;}<\/style><script>\r\n\r\n\r\n\r\njQuery.noConflict();\r\njQuery(document).ready(function($){\r\n\"use strict\";\r\n\r\n\r\n $(window).load(function(){\r\n\r\nfunction watchblog() {\r\n\r\n$(\".masonry_ctn\").isotope({\r\n  \/\/ options\r\n  itemSelector : '.ajax_post',\r\n  layoutMode : 'masonry'\r\n});\r\n\r\n}\r\n\r\nsetInterval(watchblog, 100);\r\n\r\n});});\r\n\r\n\r\n<\/script>\r\n\r\n\r\n\r\n<div class=\"masonry_ctn blog_2_col\" id=\"rp_31bkp0q1ilm4bicnrvh0\">\r\n\r\n<div class=\"rp_type02 ajax_post blog_2_col \"><a href=\"https:\/\/www.peternet.biz\/fr\/le-site-internet-de-peternet-electronics-au-cours-des-annees\/\" title=\"Le site Internet de Peternet Electronics au cours des ann\u00e9es\">\r\n  <div class='post-attachement'><img loading=\"lazy\" decoding=\"async\" width=\"340\" height=\"306\" src=\"https:\/\/www.peternet.biz\/website\/wp-content\/uploads\/2017\/09\/Peternet-Electronics_website_2005_01-340x306.png\" class=\"attachment-340x306 size-340x306 wp-post-image\" alt=\"\" \/>\r\n  <div class=\"rp_post_time\">\r\n    22 Sep  <\/div>\r\n  <\/a><\/div>\r\n\r\n  <div class=\"post_ctn\">\r\n    <!-- .title -->\r\n    <div class=\"post-title\">\r\n      <h2><a href=\"https:\/\/www.peternet.biz\/fr\/le-site-internet-de-peternet-electronics-au-cours-des-annees\/\" title=\"Le site Internet de Peternet Electronics au cours des ann\u00e9es\">\r\n        Le site Internet de Peternet Electronics au cours des ann\u00e9es        <\/a>\r\n      <\/h2>\r\n    <\/div>\r\n    <!-- .title END-->\r\n\r\n    <!-- .entry -->\r\n    <div class=\"rp_entry\">\r\n\t<p>[vc_row][vc_column][vc_column_text]Vous ne l&rsquo;avez peut-\u00eatre pas manqu\u00e9, nous avons un nouveau site Web qui est maintenant la 4\u00e8me version. Bien<\/p>\n<p><\/p>    <\/div>\r\n    <!-- .entry END -->\r\n\r\n    <!-- post-info -->\r\n    <div class=\"rp_post_info\"><a href=\"https:\/\/www.peternet.biz\/fr\/le-site-internet-de-peternet-electronics-au-cours-des-annees\/#respond\" class=\"comments-link\" >0 comment<\/a>  \/  <a href=\"https:\/\/www.peternet.biz\/fr\/category\/peternet-nouvelles\/\" rel=\"category tag\">Peternet nouvelles<\/a>  \/  <a href=\"https:\/\/www.peternet.biz\/fr\/le-site-internet-de-peternet-electronics-au-cours-des-annees\/\" title=\"Le site Internet de Peternet Electronics au cours des ann\u00e9es\">Read More<\/a><\/div>\r\n\r\n    <!-- post-info END-->\r\n  <\/div>\r\n  <!-- post-content END-->\r\n\r\n<!-- post END -->\r\n\r\n<\/div>\r\n<div class=\"rp_type02 ajax_post blog_2_col \"><a href=\"https:\/\/www.peternet.biz\/fr\/bienvenue-sur-le-nouveau-site-internet-de-peternet-electronics\/\" title=\"Bienvenue sur le nouveau site internet de Peternet Electronics\">\r\n  <div class='post-attachement'><img loading=\"lazy\" decoding=\"async\" width=\"340\" height=\"306\" src=\"https:\/\/www.peternet.biz\/website\/wp-content\/uploads\/2017\/09\/Peternet_icon_01_340x304-340x306.png\" class=\"attachment-340x306 size-340x306 wp-post-image\" alt=\"Peternet d\u00e9veloppement et conception d&#039;\u00e9lectronique\" \/>\r\n  <div class=\"rp_post_time\">\r\n    17 Sep  <\/div>\r\n  <\/a><\/div>\r\n\r\n  <div class=\"post_ctn\">\r\n    <!-- .title -->\r\n    <div class=\"post-title\">\r\n      <h2><a href=\"https:\/\/www.peternet.biz\/fr\/bienvenue-sur-le-nouveau-site-internet-de-peternet-electronics\/\" title=\"Bienvenue sur le nouveau site internet de Peternet Electronics\">\r\n        Bienvenue sur le nouveau site internet de Peternet Electronics        <\/a>\r\n      <\/h2>\r\n    <\/div>\r\n    <!-- .title END-->\r\n\r\n    <!-- .entry -->\r\n    <div class=\"rp_entry\">\r\n\t<p>[vc_row][vc_column][vc_column_text]Notre nouveau site Web est en ligne avec de nombreuses nouvelles fonctionnalit\u00e9s et am\u00e9liorations. Nous d\u00e9veloppons l&rsquo;\u00e9lectronique pour les<\/p>\n<p><\/p>    <\/div>\r\n    <!-- .entry END -->\r\n\r\n    <!-- post-info -->\r\n    <div class=\"rp_post_info\"><a href=\"https:\/\/www.peternet.biz\/fr\/bienvenue-sur-le-nouveau-site-internet-de-peternet-electronics\/#respond\" class=\"comments-link\" >0 comment<\/a>  \/  <a href=\"https:\/\/www.peternet.biz\/fr\/category\/peternet-nouvelles\/\" rel=\"category tag\">Peternet nouvelles<\/a>  \/  <a href=\"https:\/\/www.peternet.biz\/fr\/bienvenue-sur-le-nouveau-site-internet-de-peternet-electronics\/\" title=\"Bienvenue sur le nouveau site internet de Peternet Electronics\">Read More<\/a><\/div>\r\n\r\n    <!-- post-info END-->\r\n  <\/div>\r\n  <!-- post-content END-->\r\n\r\n<!-- post END -->\r\n\r\n<\/div>\r\n<\/div>\r\n[\/vc_column][\/vc_row]<\/p>\n<\/div>","protected":false},"excerpt":{"rendered":"<p>[vc_row][vc_column][vc_column_text]Notre nouveau site Web est en ligne avec de nombreuses nouvelles fonctionnalit\u00e9s et am\u00e9liorations. Nous d\u00e9veloppons l&rsquo;\u00e9lectronique pour les<\/p>\n","protected":false},"author":1,"featured_media":0,"parent":0,"menu_order":0,"comment_status":"closed","ping_status":"open","template":"","meta":{"footnotes":""},"class_list":["post-73","page","type-page","status-publish","hentry"],"yoast_head":"<!-- This site is optimized with the Yoast SEO Premium plugin v27.4 (Yoast SEO v27.4) - https:\/\/yoast.com\/product\/yoast-seo-premium-wordpress\/ -->\n<title>Conception et d\u00e9veloppement de logiciels \u00e9lectroniques<\/title>\n<meta name=\"description\" content=\"Peternet Electronics d\u00e9veloppe des produits \u00e9lectroniques et des logiciels personnalis\u00e9s. Nous assistons \u00e0 la production de vos cartes de circuit imprim\u00e9.\" \/>\n<meta name=\"robots\" content=\"index, follow, max-snippet:-1, max-image-preview:large, max-video-preview:-1\" \/>\n<link rel=\"canonical\" href=\"https:\/\/www.peternet.biz\/fr\/\" \/>\n<meta property=\"og:locale\" content=\"fr_FR\" \/>\n<meta property=\"og:type\" content=\"article\" \/>\n<meta property=\"og:title\" content=\"Conception et d\u00e9veloppement de logiciels \u00e9lectroniques\" \/>\n<meta property=\"og:description\" content=\"Peternet Electronics d\u00e9veloppe des produits \u00e9lectroniques et des logiciels personnalis\u00e9s. Nous assistons \u00e0 la production de vos cartes de circuit imprim\u00e9.\" \/>\n<meta property=\"og:url\" content=\"https:\/\/www.peternet.biz\/fr\/\" \/>\n<meta property=\"og:site_name\" content=\"Peternet Electronics\" \/>\n<meta property=\"article:publisher\" content=\"https:\/\/www.facebook.com\/PeternetElectronicsBVBA\/\" \/>\n<meta property=\"article:modified_time\" content=\"2017-10-25T06:36:39+00:00\" \/>\n<meta name=\"twitter:card\" content=\"summary_large_image\" \/>\n<meta name=\"twitter:label1\" content=\"Dur\u00e9e de lecture estim\u00e9e\" \/>\n\t<meta name=\"twitter:data1\" content=\"5 minutes\" \/>\n<script type=\"application\/ld+json\" class=\"yoast-schema-graph\">{\"@context\":\"https:\\\/\\\/schema.org\",\"@graph\":[{\"@type\":\"WebPage\",\"@id\":\"https:\\\/\\\/www.peternet.biz\\\/fr\\\/\",\"url\":\"https:\\\/\\\/www.peternet.biz\\\/fr\\\/\",\"name\":\"Conception et d\u00e9veloppement de logiciels \u00e9lectroniques\",\"isPartOf\":{\"@id\":\"https:\\\/\\\/www.peternet.biz\\\/fr\\\/#website\"},\"datePublished\":\"2017-09-17T22:00:50+00:00\",\"dateModified\":\"2017-10-25T06:36:39+00:00\",\"description\":\"Peternet Electronics d\u00e9veloppe des produits \u00e9lectroniques et des logiciels personnalis\u00e9s. Nous assistons \u00e0 la production de vos cartes de circuit imprim\u00e9.\",\"inLanguage\":\"fr-FR\",\"potentialAction\":[{\"@type\":\"ReadAction\",\"target\":[\"https:\\\/\\\/www.peternet.biz\\\/fr\\\/\"]}]},{\"@type\":\"WebSite\",\"@id\":\"https:\\\/\\\/www.peternet.biz\\\/fr\\\/#website\",\"url\":\"https:\\\/\\\/www.peternet.biz\\\/fr\\\/\",\"name\":\"Peternet Electronics\",\"description\":\"elektronica ontwikkeling en ontwerp electronic development and design elektronikdesign elektronikentwicklung d\u00e9veloppement de l&#039;\u00e9lectronique\",\"publisher\":{\"@id\":\"https:\\\/\\\/www.peternet.biz\\\/fr\\\/#organization\"},\"potentialAction\":[{\"@type\":\"SearchAction\",\"target\":{\"@type\":\"EntryPoint\",\"urlTemplate\":\"https:\\\/\\\/www.peternet.biz\\\/fr\\\/?s={search_term_string}\"},\"query-input\":{\"@type\":\"PropertyValueSpecification\",\"valueRequired\":true,\"valueName\":\"search_term_string\"}}],\"inLanguage\":\"fr-FR\"},{\"@type\":\"Organization\",\"@id\":\"https:\\\/\\\/www.peternet.biz\\\/fr\\\/#organization\",\"name\":\"Peternet Electronics\",\"url\":\"https:\\\/\\\/www.peternet.biz\\\/fr\\\/\",\"logo\":{\"@type\":\"ImageObject\",\"inLanguage\":\"fr-FR\",\"@id\":\"https:\\\/\\\/www.peternet.biz\\\/fr\\\/#\\\/schema\\\/logo\\\/image\\\/\",\"url\":\"https:\\\/\\\/www.peternet.biz\\\/website\\\/wp-content\\\/uploads\\\/2017\\\/09\\\/Peternet_logo_01_475x133.png\",\"contentUrl\":\"https:\\\/\\\/www.peternet.biz\\\/website\\\/wp-content\\\/uploads\\\/2017\\\/09\\\/Peternet_logo_01_475x133.png\",\"width\":475,\"height\":133,\"caption\":\"Peternet Electronics\"},\"image\":{\"@id\":\"https:\\\/\\\/www.peternet.biz\\\/fr\\\/#\\\/schema\\\/logo\\\/image\\\/\"},\"sameAs\":[\"https:\\\/\\\/www.facebook.com\\\/PeternetElectronicsBVBA\\\/\",\"https:\\\/\\\/www.linkedin.com\\\/in\\\/peterclaus\\\/\"]}]}<\/script>\n<!-- \/ Yoast SEO Premium plugin. -->","yoast_head_json":{"title":"Conception et d\u00e9veloppement de logiciels \u00e9lectroniques","description":"Peternet Electronics d\u00e9veloppe des produits \u00e9lectroniques et des logiciels personnalis\u00e9s. Nous assistons \u00e0 la production de vos cartes de circuit imprim\u00e9.","robots":{"index":"index","follow":"follow","max-snippet":"max-snippet:-1","max-image-preview":"max-image-preview:large","max-video-preview":"max-video-preview:-1"},"canonical":"https:\/\/www.peternet.biz\/fr\/","og_locale":"fr_FR","og_type":"article","og_title":"Conception et d\u00e9veloppement de logiciels \u00e9lectroniques","og_description":"Peternet Electronics d\u00e9veloppe des produits \u00e9lectroniques et des logiciels personnalis\u00e9s. Nous assistons \u00e0 la production de vos cartes de circuit imprim\u00e9.","og_url":"https:\/\/www.peternet.biz\/fr\/","og_site_name":"Peternet Electronics","article_publisher":"https:\/\/www.facebook.com\/PeternetElectronicsBVBA\/","article_modified_time":"2017-10-25T06:36:39+00:00","twitter_card":"summary_large_image","twitter_misc":{"Dur\u00e9e de lecture estim\u00e9e":"5 minutes"},"schema":{"@context":"https:\/\/schema.org","@graph":[{"@type":"WebPage","@id":"https:\/\/www.peternet.biz\/fr\/","url":"https:\/\/www.peternet.biz\/fr\/","name":"Conception et d\u00e9veloppement de logiciels \u00e9lectroniques","isPartOf":{"@id":"https:\/\/www.peternet.biz\/fr\/#website"},"datePublished":"2017-09-17T22:00:50+00:00","dateModified":"2017-10-25T06:36:39+00:00","description":"Peternet Electronics d\u00e9veloppe des produits \u00e9lectroniques et des logiciels personnalis\u00e9s. Nous assistons \u00e0 la production de vos cartes de circuit imprim\u00e9.","inLanguage":"fr-FR","potentialAction":[{"@type":"ReadAction","target":["https:\/\/www.peternet.biz\/fr\/"]}]},{"@type":"WebSite","@id":"https:\/\/www.peternet.biz\/fr\/#website","url":"https:\/\/www.peternet.biz\/fr\/","name":"Peternet Electronics","description":"elektronica ontwikkeling en ontwerp electronic development and design elektronikdesign elektronikentwicklung d\u00e9veloppement de l&#039;\u00e9lectronique","publisher":{"@id":"https:\/\/www.peternet.biz\/fr\/#organization"},"potentialAction":[{"@type":"SearchAction","target":{"@type":"EntryPoint","urlTemplate":"https:\/\/www.peternet.biz\/fr\/?s={search_term_string}"},"query-input":{"@type":"PropertyValueSpecification","valueRequired":true,"valueName":"search_term_string"}}],"inLanguage":"fr-FR"},{"@type":"Organization","@id":"https:\/\/www.peternet.biz\/fr\/#organization","name":"Peternet Electronics","url":"https:\/\/www.peternet.biz\/fr\/","logo":{"@type":"ImageObject","inLanguage":"fr-FR","@id":"https:\/\/www.peternet.biz\/fr\/#\/schema\/logo\/image\/","url":"https:\/\/www.peternet.biz\/website\/wp-content\/uploads\/2017\/09\/Peternet_logo_01_475x133.png","contentUrl":"https:\/\/www.peternet.biz\/website\/wp-content\/uploads\/2017\/09\/Peternet_logo_01_475x133.png","width":475,"height":133,"caption":"Peternet Electronics"},"image":{"@id":"https:\/\/www.peternet.biz\/fr\/#\/schema\/logo\/image\/"},"sameAs":["https:\/\/www.facebook.com\/PeternetElectronicsBVBA\/","https:\/\/www.linkedin.com\/in\/peterclaus\/"]}]}},"_links":{"self":[{"href":"https:\/\/www.peternet.biz\/fr\/wp-json\/wp\/v2\/pages\/73","targetHints":{"allow":["GET"]}}],"collection":[{"href":"https:\/\/www.peternet.biz\/fr\/wp-json\/wp\/v2\/pages"}],"about":[{"href":"https:\/\/www.peternet.biz\/fr\/wp-json\/wp\/v2\/types\/page"}],"author":[{"embeddable":true,"href":"https:\/\/www.peternet.biz\/fr\/wp-json\/wp\/v2\/users\/1"}],"replies":[{"embeddable":true,"href":"https:\/\/www.peternet.biz\/fr\/wp-json\/wp\/v2\/comments?post=73"}],"version-history":[{"count":8,"href":"https:\/\/www.peternet.biz\/fr\/wp-json\/wp\/v2\/pages\/73\/revisions"}],"predecessor-version":[{"id":263,"href":"https:\/\/www.peternet.biz\/fr\/wp-json\/wp\/v2\/pages\/73\/revisions\/263"}],"wp:attachment":[{"href":"https:\/\/www.peternet.biz\/fr\/wp-json\/wp\/v2\/media?parent=73"}],"curies":[{"name":"wp","href":"https:\/\/api.w.org\/{rel}","templated":true}]}}