{"id":209,"date":"2017-09-19T16:06:04","date_gmt":"2017-09-19T16:06:04","guid":{"rendered":"https:\/\/www.peternet.biz\/website\/?page_id=209"},"modified":"2017-09-19T16:06:04","modified_gmt":"2017-09-19T16:06:04","slug":"conditions-de-vente","status":"publish","type":"page","link":"https:\/\/www.peternet.biz\/fr\/conditions-de-vente\/","title":{"rendered":"Conditions de vente"},"content":{"rendered":"<div class=\"wpb-content-wrapper\"><p>[vc_row][vc_column][vc_column_text]<\/p>\n<h1>Conditions de vente<\/h1>\n<h2>1. L\u00e9galit\u00e9<\/h2>\n<p style=\"padding-left: 30px;\">a. Ces termes et conditions font partie int\u00e9grante de tous les accords avec Peternet Electronics BVBA. Il ne peut \u00eatre \u00e9crit que par \u00e9crit. Ils s&rsquo;appliquent sans pr\u00e9judice de tous les autres termes de l&rsquo;acheteur, dans la mesure o\u00f9 celui-ci viole le premier. Si l&rsquo;un ou l&rsquo;ensemble de ces termes ou conditions est ou restera ill\u00e9gal, tous les autres termes restent sans pr\u00e9judice.<\/p>\n<h2>2. Transfert de biens et risques<\/h2>\n<p style=\"padding-left: 30px;\">a. Peternet Electronics BVBA se r\u00e9serve le droit de propri\u00e9t\u00e9 des marchandises vendues jusqu&rsquo;\u00e0 ce que Peternet Electronics BVBA ait re\u00e7u le paiement int\u00e9gral. Par cons\u00e9quent, l&rsquo;acheteur ne peut pas transf\u00e9rer les marchandises tant qu&rsquo;il n&rsquo;est pas transf\u00e9r\u00e9 ou transf\u00e9r\u00e9 \u00e0 des tiers. Peternet Electronics BVBA peut \u00e0 tout moment exiger un paiement anticip\u00e9 ou un paiement avant la livraison.<\/p>\n<p style=\"padding-left: 30px;\">b. Tous les risques li\u00e9s aux produits vendus seront \u00e0 la charge de l&rsquo;acheteur d\u00e8s que ces marchandises quitteront l&rsquo;entrep\u00f4t de Peternet Electronics BVBA.<\/p>\n<p style=\"padding-left: 30px;\">c. Le transport est toujours au risque de l&rsquo;acheteur, m\u00eame si les co\u00fbts de transport sont factur\u00e9s \u00e0 Peternet Electronics BVBA, m\u00eame si le transport est effectu\u00e9 par un v\u00e9hicule Peternet Electronics BVBA.<\/p>\n<p style=\"padding-left: 30px;\">d. Tous les sch\u00e9mas, la documentation, les processus de production, les manuels, les logiciels, ind\u00e9pendamment du fait qu&rsquo;ils appartiennent \u00e0 un p\u00e9riph\u00e9rique ou un circuit \u00e9lectronique, ou non, con\u00e7us \u00e9lectroniquement ou fabriqu\u00e9s par Peternet Electronics BVBA, appartiennent \u00e0 Peternet Electronics BVBA. Le client ne le transmettra jamais \u00e0 des tiers ou ne se multipliera pas.<\/p>\n<h2>3. Conditions de paiement<\/h2>\n<p style=\"padding-left: 30px;\">a. Nos factures sont en esp\u00e8ces au plus tard le trenti\u00e8me jour apr\u00e8s la date de facture si aucun paiement en esp\u00e8ces ou paiement anticip\u00e9 n&rsquo;est demand\u00e9.<\/p>\n<p style=\"padding-left: 30px;\">b. Chaque facture impay\u00e9e augmentera les taux d&rsquo;int\u00e9r\u00eat de 1,25% sur une base mensuelle \u00e0 compter de la date d&rsquo;\u00e9ch\u00e9ance sans pr\u00e9avis.<\/p>\n<p style=\"padding-left: 30px;\">c. En outre, en raison du manque de paiement \u00e0 la date d&rsquo;\u00e9ch\u00e9ance, la dette sera augment\u00e9e de 15% du montant de la facture avec un minimum de 75 euros. Cela s&rsquo;applique \u00e0 la compensation forfaitaire pour les d\u00e9penses autres que la perte de taux d&rsquo;int\u00e9r\u00eat et les frais r\u00e9els des tribunaux.<\/p>\n<h2>4. Prix et livraison<\/h2>\n<p style=\"padding-left: 30px;\">a. Nos offres sont gratuites et sont faites sans engagement et ont une dur\u00e9e de validit\u00e9 de 30 jours.<\/p>\n<p style=\"padding-left: 30px;\">b. Les conditions de livraison sont respect\u00e9es aussi strictement que possible, les d\u00e9lais de livraison ne peuvent jamais donner lieu \u00e0 une compensation ou \u00e0 une r\u00e9siliation de l&rsquo;accord, sauf indication contraire sur le bon de commande dans un \u00e9tat sp\u00e9cial.<\/p>\n<p style=\"padding-left: 30px;\">c. Le client est toujours tenu d&rsquo;acheter apr\u00e8s la commande. En cas de refus, tous les co\u00fbts encourus seront \u00e0 la charge du client et le montant de la facture sera augment\u00e9 de 10%.<\/p>\n<p style=\"padding-left: 30px;\">d. Les dommages visibles doivent \u00eatre signal\u00e9s imm\u00e9diatement au transporteur et confirm\u00e9s sur le bon de livraison. Sinon, les marchandises seront consid\u00e9r\u00e9es comme \u00e9tant en bon \u00e9tat, sans d\u00e9fauts visibles. Apr\u00e8s cela, seules les erreurs de fabrication invisibles peuvent \u00eatre consid\u00e9r\u00e9es comme une plainte.<\/p>\n<p style=\"padding-left: 30px;\">e. Les co\u00fbts suppl\u00e9mentaires qui seraient caus\u00e9s par des dommages aux installations \u00e9lectriques ou aux appareils \u00e9lectriques, par le client ou par des tiers, sont enti\u00e8rement support\u00e9s par le client.<\/p>\n<p style=\"padding-left: 30px;\">f. Pour les commandes inf\u00e9rieures \u00e0 50 euros, 12,50 euros seront factur\u00e9s.<\/p>\n<p style=\"padding-left: 30px;\">g. Tous nos prix sont toujours exclus de la TVA sauf indication contraire et peuvent \u00eatre modifi\u00e9s par nous sans pr\u00e9avis.<\/p>\n<p style=\"padding-left: 30px;\">h. Les livraisons partielles seront factur\u00e9es s\u00e9par\u00e9ment et sont payables s\u00e9par\u00e9ment.<\/p>\n<p style=\"padding-left: 30px;\">i. Le client doit coop\u00e9rer en tout temps pour permettre \u00e0 Peternet Electronics BVBA de fournir ou d&rsquo;ex\u00e9cuter ses produits et services de mani\u00e8re normale. Les cons\u00e9quences et les co\u00fbts pour ne pas fournir la coop\u00e9ration n\u00e9cessaire sont au d\u00e9triment du client.<\/p>\n<h2>5. Responsabilit\u00e9<\/h2>\n<p style=\"padding-left: 30px;\">a. En termes de garantie, seuls ceux qui sont donn\u00e9s par le fabricant ou son repr\u00e9sentant des marchandises vendues.<\/p>\n<p style=\"padding-left: 30px;\">b. Seul le client est responsable des accidents d\u00e9coulant de la possession et \/ ou de l&rsquo;utilisation d&rsquo;installations \u00e9lectriques ou d&rsquo;appareils \u00e9lectriques. Il s&rsquo;occupe donc de chaque histoire contre Peternet Electronics BVBA. Le client est r\u00e9put\u00e9 utiliser les installations \u00e9lectriques ou les appareils \u00e9lectriques de mani\u00e8re correcte et s\u00fbre.<\/p>\n<p style=\"padding-left: 30px;\">c. Peternet Electronics BVBA ne peut \u00eatre tenu responsable des co\u00fbts autres que ceux mentionn\u00e9s dans les termes de la garantie qui peuvent r\u00e9sulter du mauvais fonctionnement ou du non-fonctionnement des produits vendus ou r\u00e9par\u00e9s.<\/p>\n<p style=\"padding-left: 30px;\">d. Le client est r\u00e9put\u00e9 d&rsquo;abord tester tout \u00e9l\u00e9ment r\u00e9cup\u00e9r\u00e9 avant sa mise en service.<\/p>\n<p style=\"padding-left: 30px;\">e. Dans le cas d&rsquo;une commande pour la production ou la programmation de cartes de circuits imprim\u00e9s, de p\u00e9riph\u00e9riques ou de tous les autres supports de donn\u00e9es en fonction des donn\u00e9es fournies par le client, ils d\u00e9clarent tous les droits (propri\u00e9t\u00e9, droits d&rsquo;auteur, etc.) sur l&rsquo;appareil, le composant, le logiciel ou le design pour lequel il peut effectuer un travail. Il prend toute perte ou dommage caus\u00e9 par des doubles emplois ill\u00e9gaux.<\/p>\n<p style=\"padding-left: 30px;\">f. Pour l&rsquo;ex\u00e9cution de la garantie, Peternet Electronics BVBA peut choisir entre r\u00e9parer les produits d\u00e9fectueux, remplacer les d\u00e9fauts par un nouveau, le reprendre et cr\u00e9diter le co\u00fbt total. \u00c0 la fin, le client doit retourner la livraison compl\u00e8te \u00e0 Peternet Electronics \u00e0 ses frais.<\/p>\n<h2>6. Plaintes et juridiction comp\u00e9tente<\/h2>\n<p style=\"padding-left: 30px;\">a. Toute plainte autre que celle mentionn\u00e9e \u00e0 l&rsquo;art. 4d doit \u00eatre re\u00e7u par Peternet Electronics BVBA par lettre recommand\u00e9e, au plus tard le septi\u00e8me jour apr\u00e8s la date de facturation. Par la suite, seule Peternet Electronics BVBA d\u00e9cide de d\u00e9clarer ou non la plainte recevable.<\/p>\n<p style=\"padding-left: 30px;\">b. Tous nos accords sont r\u00e9gis par la loi belge. Pour tous les diff\u00e9rends, seuls les tribunaux de Gand sont autoris\u00e9s.<\/p>\n<p>[\/vc_column_text][\/vc_column][\/vc_row]<\/p>\n<\/div>","protected":false},"excerpt":{"rendered":"<p>[vc_row][vc_column][vc_column_text] Conditions de vente 1. L\u00e9galit\u00e9 a. Ces termes et conditions font partie int\u00e9grante de tous les accords avec Peternet Electronics BVBA. Il ne peut \u00eatre \u00e9crit que par \u00e9crit. Ils s&rsquo;appliquent sans pr\u00e9judice de tous les autres termes de l&rsquo;acheteur, dans la mesure o\u00f9 celui-ci viole le premier. Si l&rsquo;un ou l&rsquo;ensemble de ces<br \/><a href=\"https:\/\/www.peternet.biz\/fr\/conditions-de-vente\/\" class=\"more\">Read more<\/a><\/p>\n","protected":false},"author":1,"featured_media":0,"parent":0,"menu_order":0,"comment_status":"closed","ping_status":"closed","template":"","meta":{"footnotes":""},"class_list":["post-209","page","type-page","status-publish","hentry"],"yoast_head":"<!-- This site is optimized with the Yoast SEO Premium plugin v27.4 (Yoast SEO v27.4) - https:\/\/yoast.com\/product\/yoast-seo-premium-wordpress\/ -->\n<title>Conditions de vente | Peternet Electronics<\/title>\n<meta name=\"robots\" content=\"index, follow, max-snippet:-1, max-image-preview:large, max-video-preview:-1\" \/>\n<link rel=\"canonical\" href=\"https:\/\/www.peternet.biz\/fr\/conditions-de-vente\/\" \/>\n<meta property=\"og:locale\" content=\"fr_FR\" \/>\n<meta property=\"og:type\" content=\"article\" \/>\n<meta property=\"og:title\" content=\"Conditions de vente | Peternet Electronics\" \/>\n<meta property=\"og:description\" content=\"[vc_row][vc_column][vc_column_text] Conditions de vente 1. L\u00e9galit\u00e9 a. Ces termes et conditions font partie int\u00e9grante de tous les accords avec Peternet Electronics BVBA. Il ne peut \u00eatre \u00e9crit que par \u00e9crit. Ils s&rsquo;appliquent sans pr\u00e9judice de tous les autres termes de l&rsquo;acheteur, dans la mesure o\u00f9 celui-ci viole le premier. Si l&rsquo;un ou l&rsquo;ensemble de cesRead more\" \/>\n<meta property=\"og:url\" content=\"https:\/\/www.peternet.biz\/fr\/conditions-de-vente\/\" \/>\n<meta property=\"og:site_name\" content=\"Peternet Electronics\" \/>\n<meta property=\"article:publisher\" content=\"https:\/\/www.facebook.com\/PeternetElectronicsBVBA\/\" \/>\n<meta name=\"twitter:card\" content=\"summary_large_image\" \/>\n<meta name=\"twitter:label1\" content=\"Dur\u00e9e de lecture estim\u00e9e\" \/>\n\t<meta name=\"twitter:data1\" content=\"5 minutes\" \/>\n<script type=\"application\/ld+json\" class=\"yoast-schema-graph\">{\"@context\":\"https:\\\/\\\/schema.org\",\"@graph\":[{\"@type\":\"WebPage\",\"@id\":\"https:\\\/\\\/www.peternet.biz\\\/fr\\\/conditions-de-vente\\\/\",\"url\":\"https:\\\/\\\/www.peternet.biz\\\/fr\\\/conditions-de-vente\\\/\",\"name\":\"Conditions de vente | Peternet Electronics\",\"isPartOf\":{\"@id\":\"https:\\\/\\\/www.peternet.biz\\\/fr\\\/#website\"},\"datePublished\":\"2017-09-19T16:06:04+00:00\",\"inLanguage\":\"fr-FR\",\"potentialAction\":[{\"@type\":\"ReadAction\",\"target\":[\"https:\\\/\\\/www.peternet.biz\\\/fr\\\/conditions-de-vente\\\/\"]}]},{\"@type\":\"WebSite\",\"@id\":\"https:\\\/\\\/www.peternet.biz\\\/fr\\\/#website\",\"url\":\"https:\\\/\\\/www.peternet.biz\\\/fr\\\/\",\"name\":\"Peternet Electronics\",\"description\":\"elektronica ontwikkeling en ontwerp electronic development and design elektronikdesign elektronikentwicklung d\u00e9veloppement de l&#039;\u00e9lectronique\",\"publisher\":{\"@id\":\"https:\\\/\\\/www.peternet.biz\\\/fr\\\/#organization\"},\"potentialAction\":[{\"@type\":\"SearchAction\",\"target\":{\"@type\":\"EntryPoint\",\"urlTemplate\":\"https:\\\/\\\/www.peternet.biz\\\/fr\\\/?s={search_term_string}\"},\"query-input\":{\"@type\":\"PropertyValueSpecification\",\"valueRequired\":true,\"valueName\":\"search_term_string\"}}],\"inLanguage\":\"fr-FR\"},{\"@type\":\"Organization\",\"@id\":\"https:\\\/\\\/www.peternet.biz\\\/fr\\\/#organization\",\"name\":\"Peternet Electronics\",\"url\":\"https:\\\/\\\/www.peternet.biz\\\/fr\\\/\",\"logo\":{\"@type\":\"ImageObject\",\"inLanguage\":\"fr-FR\",\"@id\":\"https:\\\/\\\/www.peternet.biz\\\/fr\\\/#\\\/schema\\\/logo\\\/image\\\/\",\"url\":\"https:\\\/\\\/www.peternet.biz\\\/website\\\/wp-content\\\/uploads\\\/2017\\\/09\\\/Peternet_logo_01_475x133.png\",\"contentUrl\":\"https:\\\/\\\/www.peternet.biz\\\/website\\\/wp-content\\\/uploads\\\/2017\\\/09\\\/Peternet_logo_01_475x133.png\",\"width\":475,\"height\":133,\"caption\":\"Peternet Electronics\"},\"image\":{\"@id\":\"https:\\\/\\\/www.peternet.biz\\\/fr\\\/#\\\/schema\\\/logo\\\/image\\\/\"},\"sameAs\":[\"https:\\\/\\\/www.facebook.com\\\/PeternetElectronicsBVBA\\\/\",\"https:\\\/\\\/www.linkedin.com\\\/in\\\/peterclaus\\\/\"]}]}<\/script>\n<!-- \/ Yoast SEO Premium plugin. -->","yoast_head_json":{"title":"Conditions de vente | Peternet Electronics","robots":{"index":"index","follow":"follow","max-snippet":"max-snippet:-1","max-image-preview":"max-image-preview:large","max-video-preview":"max-video-preview:-1"},"canonical":"https:\/\/www.peternet.biz\/fr\/conditions-de-vente\/","og_locale":"fr_FR","og_type":"article","og_title":"Conditions de vente | Peternet Electronics","og_description":"[vc_row][vc_column][vc_column_text] Conditions de vente 1. L\u00e9galit\u00e9 a. Ces termes et conditions font partie int\u00e9grante de tous les accords avec Peternet Electronics BVBA. Il ne peut \u00eatre \u00e9crit que par \u00e9crit. Ils s&rsquo;appliquent sans pr\u00e9judice de tous les autres termes de l&rsquo;acheteur, dans la mesure o\u00f9 celui-ci viole le premier. Si l&rsquo;un ou l&rsquo;ensemble de cesRead more","og_url":"https:\/\/www.peternet.biz\/fr\/conditions-de-vente\/","og_site_name":"Peternet Electronics","article_publisher":"https:\/\/www.facebook.com\/PeternetElectronicsBVBA\/","twitter_card":"summary_large_image","twitter_misc":{"Dur\u00e9e de lecture estim\u00e9e":"5 minutes"},"schema":{"@context":"https:\/\/schema.org","@graph":[{"@type":"WebPage","@id":"https:\/\/www.peternet.biz\/fr\/conditions-de-vente\/","url":"https:\/\/www.peternet.biz\/fr\/conditions-de-vente\/","name":"Conditions de vente | Peternet Electronics","isPartOf":{"@id":"https:\/\/www.peternet.biz\/fr\/#website"},"datePublished":"2017-09-19T16:06:04+00:00","inLanguage":"fr-FR","potentialAction":[{"@type":"ReadAction","target":["https:\/\/www.peternet.biz\/fr\/conditions-de-vente\/"]}]},{"@type":"WebSite","@id":"https:\/\/www.peternet.biz\/fr\/#website","url":"https:\/\/www.peternet.biz\/fr\/","name":"Peternet Electronics","description":"elektronica ontwikkeling en ontwerp electronic development and design elektronikdesign elektronikentwicklung d\u00e9veloppement de l&#039;\u00e9lectronique","publisher":{"@id":"https:\/\/www.peternet.biz\/fr\/#organization"},"potentialAction":[{"@type":"SearchAction","target":{"@type":"EntryPoint","urlTemplate":"https:\/\/www.peternet.biz\/fr\/?s={search_term_string}"},"query-input":{"@type":"PropertyValueSpecification","valueRequired":true,"valueName":"search_term_string"}}],"inLanguage":"fr-FR"},{"@type":"Organization","@id":"https:\/\/www.peternet.biz\/fr\/#organization","name":"Peternet Electronics","url":"https:\/\/www.peternet.biz\/fr\/","logo":{"@type":"ImageObject","inLanguage":"fr-FR","@id":"https:\/\/www.peternet.biz\/fr\/#\/schema\/logo\/image\/","url":"https:\/\/www.peternet.biz\/website\/wp-content\/uploads\/2017\/09\/Peternet_logo_01_475x133.png","contentUrl":"https:\/\/www.peternet.biz\/website\/wp-content\/uploads\/2017\/09\/Peternet_logo_01_475x133.png","width":475,"height":133,"caption":"Peternet Electronics"},"image":{"@id":"https:\/\/www.peternet.biz\/fr\/#\/schema\/logo\/image\/"},"sameAs":["https:\/\/www.facebook.com\/PeternetElectronicsBVBA\/","https:\/\/www.linkedin.com\/in\/peterclaus\/"]}]}},"_links":{"self":[{"href":"https:\/\/www.peternet.biz\/fr\/wp-json\/wp\/v2\/pages\/209","targetHints":{"allow":["GET"]}}],"collection":[{"href":"https:\/\/www.peternet.biz\/fr\/wp-json\/wp\/v2\/pages"}],"about":[{"href":"https:\/\/www.peternet.biz\/fr\/wp-json\/wp\/v2\/types\/page"}],"author":[{"embeddable":true,"href":"https:\/\/www.peternet.biz\/fr\/wp-json\/wp\/v2\/users\/1"}],"replies":[{"embeddable":true,"href":"https:\/\/www.peternet.biz\/fr\/wp-json\/wp\/v2\/comments?post=209"}],"version-history":[{"count":1,"href":"https:\/\/www.peternet.biz\/fr\/wp-json\/wp\/v2\/pages\/209\/revisions"}],"predecessor-version":[{"id":210,"href":"https:\/\/www.peternet.biz\/fr\/wp-json\/wp\/v2\/pages\/209\/revisions\/210"}],"wp:attachment":[{"href":"https:\/\/www.peternet.biz\/fr\/wp-json\/wp\/v2\/media?parent=209"}],"curies":[{"name":"wp","href":"https:\/\/api.w.org\/{rel}","templated":true}]}}