{"id":148,"date":"2017-09-18T09:02:42","date_gmt":"2017-09-18T09:02:42","guid":{"rendered":"https:\/\/www.peternet.biz\/website\/a-propos-de-vous\/"},"modified":"2017-09-22T15:58:03","modified_gmt":"2017-09-22T15:58:03","slug":"electronique-et-logiciel-personnalises","status":"publish","type":"page","link":"https:\/\/www.peternet.biz\/fr\/electronique-et-logiciel-personnalises\/","title":{"rendered":"\u00c0 propos de vous"},"content":{"rendered":"<div class=\"wpb-content-wrapper\"><p>[vc_row][vc_column width=\u00a0\u00bb1\/3&Prime;][vc_column_text]<\/p>\n<h1>Cr\u00e9ez-vous des appareils et des machines?<\/h1>\n<p>Vous ne pouvez pas vous d\u00e9placer, certains p\u00e9riph\u00e9riques peuvent avoir besoin d&rsquo;un certain contr\u00f4le. Vous d\u00e9veloppez et d\u00e9veloppez des p\u00e9riph\u00e9riques et vous n&rsquo;avez pas l&rsquo;expertise n\u00e9cessaire pour fournir un contr\u00f4leur \u00e9lectronique. Peternet Electronics d\u00e9veloppe ceux enti\u00e8rement <strong>personnalis\u00e9s<\/strong> pour votre appareil.[\/vc_column_text][\/vc_column][vc_column width=\u00a0\u00bb1\/3&Prime;][vc_column_text]<\/p>\n<h1>Vous avez un manque temporaire de capacit\u00e9 d&rsquo;ing\u00e9nierie?<\/h1>\n<p>Vous avez votre propre d\u00e9partement \u00e9lectronique avec ses propres sp\u00e9cialistes. Parfois, il arrive que la quantit\u00e9 de travaux d&rsquo;ing\u00e9nierie d\u00e9passe temporairement la capacit\u00e9 disponible de votre propre entreprise, ou que vos ing\u00e9nieurs en \u00e9lectronique ont tant de t\u00e2ches p\u00e9riph\u00e9riques (r\u00e9unions, suivi de projet, assistance technique, etc.) pour les rendre difficiles \u00e0 accomplir dans leur t\u00e2che principale, \u00e0 savoir D\u00e9velopper l&rsquo;\u00e9lectronique pour vos produits. Les personnes suppl\u00e9mentaires occupant un emploi permanent ne sont souvent pas responsables \u00e9conomiquement dans de telles situations en raison du caract\u00e8re temporaire. Nous pouvons y \u00eatre <strong>sur place<\/strong> pour \u00e9tendre votre <strong>capacit\u00e9 d&rsquo;ing\u00e9nierie<\/strong> temporairement et obtenir votre produit sur <strong>le march\u00e9 plus rapidement<\/strong>.[\/vc_column_text][\/vc_column][vc_column width=\u00a0\u00bb1\/3&Prime;][vc_column_text]<\/p>\n<h1>Vous ne voulez pas effectuer certaines t\u00e2ches d&rsquo;ing\u00e9nierie \u00e9lectronique vous-m\u00eame?<\/h1>\n<p>En particulier, vous souhaitez vous <strong>concentrer<\/strong> sur la <strong>fonctionnalit\u00e9 de votre produit<\/strong> \u00e0 un niveau sup\u00e9rieur et seulement partiellement ing\u00e9nierie de l&rsquo;\u00e9lectronique et des contr\u00f4les et ne pas compl\u00e9ter l&rsquo;impl\u00e9mentation int\u00e9grale. Le <strong>temps que vous gagnez<\/strong> avec cela peut investir dans votre produit lui-m\u00eame. Ici, vous pouvez penser \u00e0 des diagrammes de blocs que nous \u00e9laborons dans des sch\u00e9mas \u00e9lectroniques ou \u00e0 ex\u00e9cuter la mise en page PCB d&rsquo;un sch\u00e9ma \u00e9lectronique d\u00e9velopp\u00e9 ou d\u00e9velopp\u00e9 pour votre mat\u00e9riel d\u00e9velopp\u00e9. Pour chaque aspect du processus de d\u00e9veloppement \u00e9lectronique, nous pouvons <strong>prendre certaines t\u00e2ches<\/strong>.[\/vc_column_text][\/vc_column][\/vc_row]<\/p>\n<\/div>","protected":false},"excerpt":{"rendered":"<p>[vc_row][vc_column width=\u00a0\u00bb1\/3&Prime;][vc_column_text] Cr\u00e9ez-vous des appareils et des machines? Vous ne pouvez pas vous d\u00e9placer, certains p\u00e9riph\u00e9riques peuvent avoir besoin d&rsquo;un certain contr\u00f4le. Vous d\u00e9veloppez et d\u00e9veloppez des p\u00e9riph\u00e9riques et vous n&rsquo;avez pas l&rsquo;expertise n\u00e9cessaire pour fournir un contr\u00f4leur \u00e9lectronique. Peternet Electronics d\u00e9veloppe ceux enti\u00e8rement personnalis\u00e9s pour votre appareil.[\/vc_column_text][\/vc_column][vc_column width=\u00a0\u00bb1\/3&Prime;][vc_column_text] Vous avez un manque temporaire de<br \/><a href=\"https:\/\/www.peternet.biz\/fr\/electronique-et-logiciel-personnalises\/\" class=\"more\">Read more<\/a><\/p>\n","protected":false},"author":1,"featured_media":0,"parent":0,"menu_order":0,"comment_status":"closed","ping_status":"closed","template":"","meta":{"footnotes":""},"class_list":["post-148","page","type-page","status-publish","hentry"],"yoast_head":"<!-- This site is optimized with the Yoast SEO Premium plugin v27.4 (Yoast SEO v27.4) - https:\/\/yoast.com\/product\/yoast-seo-premium-wordpress\/ -->\n<title>Peternet Electronics | Electronique et logiciel personnalis\u00e9s<\/title>\n<meta name=\"description\" content=\"Vous d\u00e9veloppez un p\u00e9riph\u00e9rique ou une machine? Nous pouvons d\u00e9velopper les circuits imprim\u00e9s \u00e9lectroniques et les logiciels n\u00e9cessaires.\" \/>\n<meta name=\"robots\" content=\"index, follow, max-snippet:-1, max-image-preview:large, max-video-preview:-1\" \/>\n<link rel=\"canonical\" href=\"https:\/\/www.peternet.biz\/fr\/electronique-et-logiciel-personnalises\/\" \/>\n<meta property=\"og:locale\" content=\"fr_FR\" \/>\n<meta property=\"og:type\" content=\"article\" \/>\n<meta property=\"og:title\" content=\"Peternet Electronics | Electronique et logiciel personnalis\u00e9s\" \/>\n<meta property=\"og:description\" content=\"Vous d\u00e9veloppez un p\u00e9riph\u00e9rique ou une machine? Nous pouvons d\u00e9velopper les circuits imprim\u00e9s \u00e9lectroniques et les logiciels n\u00e9cessaires.\" \/>\n<meta property=\"og:url\" content=\"https:\/\/www.peternet.biz\/fr\/electronique-et-logiciel-personnalises\/\" \/>\n<meta property=\"og:site_name\" content=\"Peternet Electronics\" \/>\n<meta property=\"article:publisher\" content=\"https:\/\/www.facebook.com\/PeternetElectronicsBVBA\/\" \/>\n<meta property=\"article:modified_time\" content=\"2017-09-22T15:58:03+00:00\" \/>\n<meta name=\"twitter:card\" content=\"summary_large_image\" \/>\n<meta name=\"twitter:label1\" content=\"Dur\u00e9e de lecture estim\u00e9e\" \/>\n\t<meta name=\"twitter:data1\" content=\"2 minutes\" \/>\n<script type=\"application\/ld+json\" class=\"yoast-schema-graph\">{\"@context\":\"https:\\\/\\\/schema.org\",\"@graph\":[{\"@type\":\"WebPage\",\"@id\":\"https:\\\/\\\/www.peternet.biz\\\/fr\\\/electronique-et-logiciel-personnalises\\\/\",\"url\":\"https:\\\/\\\/www.peternet.biz\\\/fr\\\/electronique-et-logiciel-personnalises\\\/\",\"name\":\"Peternet Electronics | Electronique et logiciel personnalis\u00e9s\",\"isPartOf\":{\"@id\":\"https:\\\/\\\/www.peternet.biz\\\/fr\\\/#website\"},\"datePublished\":\"2017-09-18T09:02:42+00:00\",\"dateModified\":\"2017-09-22T15:58:03+00:00\",\"description\":\"Vous d\u00e9veloppez un p\u00e9riph\u00e9rique ou une machine? Nous pouvons d\u00e9velopper les circuits imprim\u00e9s \u00e9lectroniques et les logiciels n\u00e9cessaires.\",\"inLanguage\":\"fr-FR\",\"potentialAction\":[{\"@type\":\"ReadAction\",\"target\":[\"https:\\\/\\\/www.peternet.biz\\\/fr\\\/electronique-et-logiciel-personnalises\\\/\"]}]},{\"@type\":\"WebSite\",\"@id\":\"https:\\\/\\\/www.peternet.biz\\\/fr\\\/#website\",\"url\":\"https:\\\/\\\/www.peternet.biz\\\/fr\\\/\",\"name\":\"Peternet Electronics\",\"description\":\"elektronica ontwikkeling en ontwerp electronic development and design elektronikdesign elektronikentwicklung d\u00e9veloppement de l&#039;\u00e9lectronique\",\"publisher\":{\"@id\":\"https:\\\/\\\/www.peternet.biz\\\/fr\\\/#organization\"},\"potentialAction\":[{\"@type\":\"SearchAction\",\"target\":{\"@type\":\"EntryPoint\",\"urlTemplate\":\"https:\\\/\\\/www.peternet.biz\\\/fr\\\/?s={search_term_string}\"},\"query-input\":{\"@type\":\"PropertyValueSpecification\",\"valueRequired\":true,\"valueName\":\"search_term_string\"}}],\"inLanguage\":\"fr-FR\"},{\"@type\":\"Organization\",\"@id\":\"https:\\\/\\\/www.peternet.biz\\\/fr\\\/#organization\",\"name\":\"Peternet Electronics\",\"url\":\"https:\\\/\\\/www.peternet.biz\\\/fr\\\/\",\"logo\":{\"@type\":\"ImageObject\",\"inLanguage\":\"fr-FR\",\"@id\":\"https:\\\/\\\/www.peternet.biz\\\/fr\\\/#\\\/schema\\\/logo\\\/image\\\/\",\"url\":\"https:\\\/\\\/www.peternet.biz\\\/website\\\/wp-content\\\/uploads\\\/2017\\\/09\\\/Peternet_logo_01_475x133.png\",\"contentUrl\":\"https:\\\/\\\/www.peternet.biz\\\/website\\\/wp-content\\\/uploads\\\/2017\\\/09\\\/Peternet_logo_01_475x133.png\",\"width\":475,\"height\":133,\"caption\":\"Peternet Electronics\"},\"image\":{\"@id\":\"https:\\\/\\\/www.peternet.biz\\\/fr\\\/#\\\/schema\\\/logo\\\/image\\\/\"},\"sameAs\":[\"https:\\\/\\\/www.facebook.com\\\/PeternetElectronicsBVBA\\\/\",\"https:\\\/\\\/www.linkedin.com\\\/in\\\/peterclaus\\\/\"]}]}<\/script>\n<!-- \/ Yoast SEO Premium plugin. -->","yoast_head_json":{"title":"Peternet Electronics | Electronique et logiciel personnalis\u00e9s","description":"Vous d\u00e9veloppez un p\u00e9riph\u00e9rique ou une machine? Nous pouvons d\u00e9velopper les circuits imprim\u00e9s \u00e9lectroniques et les logiciels n\u00e9cessaires.","robots":{"index":"index","follow":"follow","max-snippet":"max-snippet:-1","max-image-preview":"max-image-preview:large","max-video-preview":"max-video-preview:-1"},"canonical":"https:\/\/www.peternet.biz\/fr\/electronique-et-logiciel-personnalises\/","og_locale":"fr_FR","og_type":"article","og_title":"Peternet Electronics | Electronique et logiciel personnalis\u00e9s","og_description":"Vous d\u00e9veloppez un p\u00e9riph\u00e9rique ou une machine? Nous pouvons d\u00e9velopper les circuits imprim\u00e9s \u00e9lectroniques et les logiciels n\u00e9cessaires.","og_url":"https:\/\/www.peternet.biz\/fr\/electronique-et-logiciel-personnalises\/","og_site_name":"Peternet Electronics","article_publisher":"https:\/\/www.facebook.com\/PeternetElectronicsBVBA\/","article_modified_time":"2017-09-22T15:58:03+00:00","twitter_card":"summary_large_image","twitter_misc":{"Dur\u00e9e de lecture estim\u00e9e":"2 minutes"},"schema":{"@context":"https:\/\/schema.org","@graph":[{"@type":"WebPage","@id":"https:\/\/www.peternet.biz\/fr\/electronique-et-logiciel-personnalises\/","url":"https:\/\/www.peternet.biz\/fr\/electronique-et-logiciel-personnalises\/","name":"Peternet Electronics | Electronique et logiciel personnalis\u00e9s","isPartOf":{"@id":"https:\/\/www.peternet.biz\/fr\/#website"},"datePublished":"2017-09-18T09:02:42+00:00","dateModified":"2017-09-22T15:58:03+00:00","description":"Vous d\u00e9veloppez un p\u00e9riph\u00e9rique ou une machine? Nous pouvons d\u00e9velopper les circuits imprim\u00e9s \u00e9lectroniques et les logiciels n\u00e9cessaires.","inLanguage":"fr-FR","potentialAction":[{"@type":"ReadAction","target":["https:\/\/www.peternet.biz\/fr\/electronique-et-logiciel-personnalises\/"]}]},{"@type":"WebSite","@id":"https:\/\/www.peternet.biz\/fr\/#website","url":"https:\/\/www.peternet.biz\/fr\/","name":"Peternet Electronics","description":"elektronica ontwikkeling en ontwerp electronic development and design elektronikdesign elektronikentwicklung d\u00e9veloppement de l&#039;\u00e9lectronique","publisher":{"@id":"https:\/\/www.peternet.biz\/fr\/#organization"},"potentialAction":[{"@type":"SearchAction","target":{"@type":"EntryPoint","urlTemplate":"https:\/\/www.peternet.biz\/fr\/?s={search_term_string}"},"query-input":{"@type":"PropertyValueSpecification","valueRequired":true,"valueName":"search_term_string"}}],"inLanguage":"fr-FR"},{"@type":"Organization","@id":"https:\/\/www.peternet.biz\/fr\/#organization","name":"Peternet Electronics","url":"https:\/\/www.peternet.biz\/fr\/","logo":{"@type":"ImageObject","inLanguage":"fr-FR","@id":"https:\/\/www.peternet.biz\/fr\/#\/schema\/logo\/image\/","url":"https:\/\/www.peternet.biz\/website\/wp-content\/uploads\/2017\/09\/Peternet_logo_01_475x133.png","contentUrl":"https:\/\/www.peternet.biz\/website\/wp-content\/uploads\/2017\/09\/Peternet_logo_01_475x133.png","width":475,"height":133,"caption":"Peternet Electronics"},"image":{"@id":"https:\/\/www.peternet.biz\/fr\/#\/schema\/logo\/image\/"},"sameAs":["https:\/\/www.facebook.com\/PeternetElectronicsBVBA\/","https:\/\/www.linkedin.com\/in\/peterclaus\/"]}]}},"_links":{"self":[{"href":"https:\/\/www.peternet.biz\/fr\/wp-json\/wp\/v2\/pages\/148","targetHints":{"allow":["GET"]}}],"collection":[{"href":"https:\/\/www.peternet.biz\/fr\/wp-json\/wp\/v2\/pages"}],"about":[{"href":"https:\/\/www.peternet.biz\/fr\/wp-json\/wp\/v2\/types\/page"}],"author":[{"embeddable":true,"href":"https:\/\/www.peternet.biz\/fr\/wp-json\/wp\/v2\/users\/1"}],"replies":[{"embeddable":true,"href":"https:\/\/www.peternet.biz\/fr\/wp-json\/wp\/v2\/comments?post=148"}],"version-history":[{"count":3,"href":"https:\/\/www.peternet.biz\/fr\/wp-json\/wp\/v2\/pages\/148\/revisions"}],"predecessor-version":[{"id":151,"href":"https:\/\/www.peternet.biz\/fr\/wp-json\/wp\/v2\/pages\/148\/revisions\/151"}],"wp:attachment":[{"href":"https:\/\/www.peternet.biz\/fr\/wp-json\/wp\/v2\/media?parent=148"}],"curies":[{"name":"wp","href":"https:\/\/api.w.org\/{rel}","templated":true}]}}