{"id":81,"date":"2017-09-17T22:06:41","date_gmt":"2017-09-17T22:06:41","guid":{"rendered":"https:\/\/www.peternet.biz\/website\/startseite\/"},"modified":"2019-09-25T19:56:26","modified_gmt":"2019-09-25T18:56:26","slug":"startseite","status":"publish","type":"page","link":"https:\/\/www.peternet.biz\/de\/","title":{"rendered":"Startseite"},"content":{"rendered":"<div class=\"wpb-content-wrapper\"><p>[vc_row][vc_column][vc_column_text]<\/p>\n<h1 style=\"text-align: center;\">Elektronisches Design, Produktion und Softwareentwicklung<\/h1>\n<p>[\/vc_column_text][layerslider_vc id=&#8220;1&#8243;][\/vc_column][\/vc_row][vc_row][vc_column width=&#8220;1\/3&#8243;][vc_column_text]<\/p>\n<h1>Ma\u00dfgeschneiderte Elektronikentwicklung<\/h1>\n<p>Peternet Electronics entwickelt kundenspezifische elektronische Leiterplatten zur Steuerung und Visualisierung Ihrer spezifischen Anwendung. Dies erm\u00f6glicht drahtlose Anwendungen, Netzwerkanwendungen, Motorsteuerungen, Netzteile, Schnittstellenanwendungen, Datenerfassung, &#8230;<\/p>\n<p>Von der Idee bis zur elektronischen Leiterplatte helfen wir Ihnen bei der Entwicklung und auch bei der entsprechenden Softwareseite Ihres Elektronikprojekts, der Verbindung zwischen Ihren spezifischen Anwendungen und dem Internet, der Fernbedienung, etc. &#8230;, die Herstellung Ihrer Leiterplatten und auch die Zertifizierung .[\/vc_column_text][\/vc_column][vc_column width=&#8220;1\/3&#8243;][vc_column_text]<\/p>\n<h1>Firmware und Software f\u00fcr Mikrocontroller<\/h1>\n<p>Fast jede elektronische Leiterplatte verf\u00fcgt \u00fcber einen oder mehrere Mikrocontroller. Sie k\u00f6nnen manchmal sehr klein sein und z\u00e4hlen sogar wenige Pins. Peternet Electronics entwickelt kundenspezifische Firmware f\u00fcr Mikrocontroller. Wir k\u00f6nnen dies in verschiedenen Programmiersprachen wie Montagesprache, C und C ++, &#8230; und auch mit oder ohne und Betriebssystem.[\/vc_column_text][\/vc_column][vc_column width=&#8220;1\/3&#8243;][vc_column_text]<\/p>\n<h1>Elektronikbezogene kundenspezifische Software<\/h1>\n<p>Genau wie jede elektronische Platine einen oder mehrere Mikrocontroller mit der erforderlichen Firmware hat, wird ein modernes elektronisches Design wahrscheinlich eine Schnittstelle mit einem Ger\u00e4t wie einem Computer, Tablet, Smartphone oder anderen Ger\u00e4ten ben\u00f6tigen. Peternet Electronics entwickelt kundenspezifische Elektronik-Software f\u00fcr PC oder Smartphone. Dies kann f\u00fcr verschiedene Betriebssysteme wie MacOS, Linux und Windows und in verschiedenen Sprachen wie C, C ++, Java verwendet werden.[\/vc_column_text][\/vc_column][\/vc_row][vc_row][vc_column width=&#8220;1\/3&#8243;][vc_column_text]<\/p>\n<h1>Elektronik-Design-Beratung<\/h1>\n<p>Wir k\u00f6nnen zu Ihrem Unternehmen kommen und Ihre Elektronik-Design-Abteilung in Wort und Tat mit elektronischen Leiterplatten Design, Firmware und Software-Entwicklung unterst\u00fctzen. Wir k\u00f6nnen auch mit Ihren Maschinenbauern zusammenarbeiten, um elektronische Leiterplatten mit selbst komplexen Formen zu erstellen, die in das Geh\u00e4use passen.[\/vc_column_text][\/vc_column][vc_column width=&#8220;1\/3&#8243;][vc_column_text]<\/p>\n<h1>PLC-basierte Steuerungsanwendungen<\/h1>\n<p>Wenn Sie einen komplexen Controller ben\u00f6tigen, aber nur eine oder wenige Kopien ben\u00f6tigen, k\u00f6nnen Sie in diesem Fall oft eine SPS (Programmable Logic Controller) verwenden. Lassen Sie uns einen Schaltschrank mit der SPS und allen erforderlichen Peripheriekomponenten f\u00fcr Ihre Steuerungsanwendung montieren. Wir haben gute Erfahrungen mit Beckhoff SPS und TwinCAT und k\u00f6nnen sie sogar mit unseren entwickelten elektronischen Schildern verbinden, sodass Sie einen Mix verwenden k\u00f6nnen.[\/vc_column_text][\/vc_column][vc_column width=&#8220;1\/3&#8243;][vc_column_text]<\/p>\n<h1>Reverse Engineering von elektronischen Leiterplatten (PCBs), Software und Kommunikationsdaten<\/h1>\n<p>Es gibt viele Maschinen, die sehr gut funktionieren, aber die von elektronischen Leiterplatten abh\u00e4ngen, die nicht mehr verf\u00fcgbar sind. Egal, ob Sie \u00e4ltere Entw\u00fcrfe haben, aus denen Sie nicht mehr \u00fcber die Entwurfsdaten verf\u00fcgen, h\u00f6chstens nur wenige Zeichnungen oder PDFs, bei denen Sie keine Produktionsdaten generieren k\u00f6nnen. Dies kann in F\u00e4llen geschehen, in denen ein Lieferant nicht mehr existiert. Aus mehreren Gr\u00fcnden, die Leiterplatte ist immer noch wahrscheinlich, es in Ihrem Produkt zu verwenden. Manchmal kann es hilfreich sein, die Zeit f\u00fcr die Analyse und Wiederentdeckung basierend auf vorhandenen Diagrammen und m\u00f6glicherweise einigen Zeichnungen oder PDF-Dateien zu investieren. Viele Boards eignen sich f\u00fcr Reverse Engineering.<\/p>\n<p>Neben Reverse Engineering k\u00f6nnen wir in den meisten F\u00e4llen auch die Leiterplatte (PCB) so aufr\u00fcsten, dass sie die gleiche Funktionalit\u00e4t hat, aber mit modernster Technologie im Inneren und aus leichter verf\u00fcgbaren elektronischen Komponenten besteht, da \u00e4ltere Leiterplatten veraltet sind. Komponenten.<\/p>\n<p>Das gleiche gilt f\u00fcr Software, da es immer noch auf einem alten Betriebssystem funktionieren kann, das nicht mehr mit moderner Hardware kompatibel ist und Sie daher kein neues System mit dieser Software erstellen k\u00f6nnen. Wir k\u00f6nnen Ihnen dabei auch behilflich sein.<\/p>\n<p>Sie k\u00f6nnen auch ein altes Ger\u00e4t haben, von dem noch niemand wei\u00df, wie es mit anderen Systemen kommuniziert. Wir k\u00f6nnen Kommunikationsdaten anh\u00f6ren und analysieren, um herauszufinden, wie sie kommunizieren, und ein Ger\u00e4t erstellen, das genau das gleiche oder andere Dinge mit den Daten macht.[\/vc_column_text][\/vc_column][\/vc_row][vc_row css=&#8220;.vc_custom_1505887873983{background-color: #7293b5 !important;}&#8220;][vc_column width=&#8220;1\/2&#8243; css=&#8220;.vc_custom_1506066895086{margin-top: 10px !important;margin-right: 10px !important;margin-bottom: 10px !important;margin-left: 10px !important;border-top-width: 10px !important;border-right-width: 10px !important;border-bottom-width: 10px !important;border-left-width: 10px !important;padding-top: 10px !important;padding-right: 10px !important;padding-bottom: 10px !important;padding-left: 10px !important;}&#8220; el_id=&#8220;contact_peternet_element_en&#8220; el_class=&#8220;contact_peternet_class_en&#8220;][vc_column_text]<\/p>\n<h1>kontaktieren Sie uns<\/h1>\n<p>[\/vc_column_text]<style type=\"text\/css\" >#rd_g2ky1p6kn57kfomqnck7 .wpcf7,#rd_g2ky1p6kn57kfomqnck7 input:not([type=submit]):not([type=checkbox]),#rd_g2ky1p6kn57kfomqnck7 textarea,#rd_g2ky1p6kn57kfomqnck7 .wpcf7 select,#rd_g2ky1p6kn57kfomqnck7 .wpcf7 input[type=\"checkbox\"]:checked{color:#dddddd;}#rd_g2ky1p6kn57kfomqnck7 .wpcf7 input[type=\"checkbox\"]{background:rgba(0,0,0,0); color:rgba(0,0,0,0);}#rd_g2ky1p6kn57kfomqnck7 .wpcf7 input[type=submit]{font-size:15px; font-weight:900; border-radius:2px; padding:11px 15px; letter-spacing: 0.5px; margin-top:3px;}#rd_g2ky1p6kn57kfomqnck7 .wpcf7 input[type=submit]:hover {background:#6d97bf; color:#ffffff !important;}#rd_g2ky1p6kn57kfomqnck7 .wpcf7 textarea{height:200px;}#rd_g2ky1p6kn57kfomqnck7 .wpcf7 input:not([type=submit]):not([type=checkbox]),#rd_g2ky1p6kn57kfomqnck7 textarea,#rd_g2ky1p6kn57kfomqnck7 .wpcf7 select{border-radius:5px;}#rd_g2ky1p6kn57kfomqnck7 .wpcf7 input:not([type=submit]),#rd_g2ky1p6kn57kfomqnck7 textarea,#rd_g2ky1p6kn57kfomqnck7 .wpcf7 input[type=submit],#rd_g2ky1p6kn57kfomqnck7 .wpcf7 select{margin-top:3px;}#rd_g2ky1p6kn57kfomqnck7 p{margin-bottom:13px;}#rd_g2ky1p6kn57kfomqnck7 .wpcf7 input:not([type=submit]):not([type=checkbox]),#rd_g2ky1p6kn57kfomqnck7 .wpcf7  textarea,#rd_g2ky1p6kn57kfomqnck7 .wpcf7 select{border:1px solid #ecf0f1; background:#89a6c1;}#rd_g2ky1p6kn57kfomqnck7 .wpcf7 input[type=submit]{background:; color: !important;}<\/style><div id=\"rd_g2ky1p6kn57kfomqnck7\" class=\"rda_flipInY\">\n<div class=\"wpcf7 no-js\" id=\"wpcf7-f229-o1\" lang=\"\" dir=\"ltr\" data-wpcf7-id=\"229\">\n<div class=\"screen-reader-response\"><p role=\"status\" aria-live=\"polite\" aria-atomic=\"true\"><\/p> <ul><\/ul><\/div>\n<form action=\"\/de\/wp-json\/wp\/v2\/pages\/81#wpcf7-f229-o1\" method=\"post\" class=\"wpcf7-form init\" aria-label=\"Kontaktformular\" novalidate=\"novalidate\" data-status=\"init\">\n<fieldset class=\"hidden-fields-container\"><input type=\"hidden\" name=\"_wpcf7\" value=\"229\" \/><input type=\"hidden\" name=\"_wpcf7_version\" value=\"6.1.5\" \/><input type=\"hidden\" name=\"_wpcf7_locale\" value=\"\" \/><input type=\"hidden\" name=\"_wpcf7_unit_tag\" value=\"wpcf7-f229-o1\" \/><input type=\"hidden\" name=\"_wpcf7_container_post\" value=\"0\" \/><input type=\"hidden\" name=\"_wpcf7_posted_data_hash\" value=\"\" \/><input type=\"hidden\" name=\"_wpcf7_recaptcha_response\" value=\"\" \/>\n<\/fieldset>\n<p><label> Last Name (required)<br \/>\n<span class=\"wpcf7-form-control-wrap\" data-name=\"last-name\"><input size=\"40\" maxlength=\"400\" class=\"wpcf7-form-control wpcf7-text wpcf7-validates-as-required\" aria-required=\"true\" aria-invalid=\"false\" value=\"\" type=\"text\" name=\"last-name\" \/><\/span> <\/label>\n<\/p>\n<p><label> First Name (required)<br \/>\n<span class=\"wpcf7-form-control-wrap\" data-name=\"first-name\"><input size=\"40\" maxlength=\"400\" class=\"wpcf7-form-control wpcf7-text wpcf7-validates-as-required\" aria-required=\"true\" aria-invalid=\"false\" value=\"\" type=\"text\" name=\"first-name\" \/><\/span> <\/label>\n<\/p>\n<p><label> Email address (required)<br \/>\n<span class=\"wpcf7-form-control-wrap\" data-name=\"email\"><input size=\"40\" maxlength=\"400\" class=\"wpcf7-form-control wpcf7-email wpcf7-validates-as-required wpcf7-text wpcf7-validates-as-email\" aria-required=\"true\" aria-invalid=\"false\" value=\"\" type=\"email\" name=\"email\" \/><\/span> <\/label>\n<\/p>\n<p><label> Subject<br \/>\n<span class=\"wpcf7-form-control-wrap\" data-name=\"subject\"><input size=\"40\" maxlength=\"400\" class=\"wpcf7-form-control wpcf7-text\" aria-invalid=\"false\" value=\"\" type=\"text\" name=\"subject\" \/><\/span> <\/label>\n<\/p>\n<p><label> Your Message<br \/>\n<span class=\"wpcf7-form-control-wrap\" data-name=\"message\"><textarea cols=\"40\" rows=\"10\" maxlength=\"2000\" class=\"wpcf7-form-control wpcf7-textarea\" aria-invalid=\"false\" name=\"message\"><\/textarea><\/span> <\/label>\n<\/p>\n\n<p><input class=\"wpcf7-form-control wpcf7-submit has-spinner\" type=\"submit\" value=\"Send\" \/>\n<\/p><p style=\"display: none !important;\" class=\"akismet-fields-container\" data-prefix=\"_wpcf7_ak_\"><label>&#916;<textarea name=\"_wpcf7_ak_hp_textarea\" cols=\"45\" rows=\"8\" maxlength=\"100\"><\/textarea><\/label><input type=\"hidden\" id=\"ak_js_1\" name=\"_wpcf7_ak_js\" value=\"229\"\/><script>document.getElementById( \"ak_js_1\" ).setAttribute( \"value\", ( new Date() ).getTime() );<\/script><\/p><div class=\"wpcf7-response-output\" aria-hidden=\"true\"><\/div>\n<\/form>\n<\/div>\n<\/div>[\/vc_column][vc_column width=&#8220;1\/2&#8243; css=&#8220;.vc_custom_1506066902524{margin-top: 10px !important;margin-right: 10px !important;margin-bottom: 10px !important;margin-left: 10px !important;border-top-width: 10px !important;border-right-width: 10px !important;border-bottom-width: 10px !important;border-left-width: 10px !important;padding-top: 10px !important;padding-right: 10px !important;padding-bottom: 10px !important;padding-left: 10px !important;}&#8220;][vc_column_text]<\/p>\n<h1>Neueste Beitr\u00e4ge<\/h1>\n<p>[\/vc_column_text]<style type=\"text\/css\" >#rp_85fbo4h0hfv7duz44hgp .post-title h2 a{color:#2c3e50;}#rp_85fbo4h0hfv7duz44hgp .rp_entry{color:#e8e8e8; border-color:#ecf0f1;}#rp_85fbo4h0hfv7duz44hgp .rp_post_info a{color:#288bd0;}#rp_85fbo4h0hfv7duz44hgp .rp_post_time{background:#2c3e50; color:#fff;}#rp_85fbo4h0hfv7duz44hgp .post-title h2 a:hover,#rp_85fbo4h0hfv7duz44hgp .rp_post_info a:hover{color:#2396e6;}#rp_85fbo4h0hfv7duz44hgp .blog_load_more_cont {bottom:-70px;}<\/style><script>\r\n\r\n\r\n\r\njQuery.noConflict();\r\njQuery(document).ready(function($){\r\n\"use strict\";\r\n\r\n\r\n $(window).load(function(){\r\n\r\nfunction watchblog() {\r\n\r\n$(\".masonry_ctn\").isotope({\r\n  \/\/ options\r\n  itemSelector : '.ajax_post',\r\n  layoutMode : 'masonry'\r\n});\r\n\r\n}\r\n\r\nsetInterval(watchblog, 100);\r\n\r\n});});\r\n\r\n\r\n<\/script>\r\n\r\n\r\n\r\n<div class=\"masonry_ctn blog_2_col\" id=\"rp_85fbo4h0hfv7duz44hgp\">\r\n\r\n<div class=\"rp_type02 ajax_post blog_2_col \"><a href=\"https:\/\/www.peternet.biz\/de\/die-peternet-electronics-website-ueber-die-jahre\/\" title=\"Die Peternet Electronics Website \u00fcber die Jahre\">\r\n  <div class='post-attachement'><img loading=\"lazy\" decoding=\"async\" width=\"340\" height=\"306\" src=\"https:\/\/www.peternet.biz\/website\/wp-content\/uploads\/2017\/09\/Peternet-Electronics_website_2005_01-340x306.png\" class=\"attachment-340x306 size-340x306 wp-post-image\" alt=\"\" \/>\r\n  <div class=\"rp_post_time\">\r\n    22 Sep.  <\/div>\r\n  <\/a><\/div>\r\n\r\n  <div class=\"post_ctn\">\r\n    <!-- .title -->\r\n    <div class=\"post-title\">\r\n      <h2><a href=\"https:\/\/www.peternet.biz\/de\/die-peternet-electronics-website-ueber-die-jahre\/\" title=\"Die Peternet Electronics Website \u00fcber die Jahre\">\r\n        Die Peternet Electronics Website \u00fcber die Jahre        <\/a>\r\n      <\/h2>\r\n    <\/div>\r\n    <!-- .title END-->\r\n\r\n    <!-- .entry -->\r\n    <div class=\"rp_entry\">\r\n\t<p>[vc_row][vc_column][vc_column_text]Sie haben es nicht verpasst, wir haben eine neue Website, die jetzt die 4. Version ist. Nat\u00fcrlich bedeutet das,<\/p>\n<p><\/p>    <\/div>\r\n    <!-- .entry END -->\r\n\r\n    <!-- post-info -->\r\n    <div class=\"rp_post_info\"><a href=\"https:\/\/www.peternet.biz\/de\/die-peternet-electronics-website-ueber-die-jahre\/#respond\" class=\"comments-link\" >0 comment<\/a>  \/  <a href=\"https:\/\/www.peternet.biz\/de\/category\/peternet-neuigkeit\/\" rel=\"category tag\">Peternet neuigkeit<\/a>  \/  <a href=\"https:\/\/www.peternet.biz\/de\/die-peternet-electronics-website-ueber-die-jahre\/\" title=\"Die Peternet Electronics Website \u00fcber die Jahre\">Read More<\/a><\/div>\r\n\r\n    <!-- post-info END-->\r\n  <\/div>\r\n  <!-- post-content END-->\r\n\r\n<!-- post END -->\r\n\r\n<\/div>\r\n<div class=\"rp_type02 ajax_post blog_2_col \"><a href=\"https:\/\/www.peternet.biz\/de\/willkommen-auf-der-neuen-peternet-electronics-website\/\" title=\"Willkommen auf der neuen Peternet Electronics Website\">\r\n  <div class='post-attachement'><img loading=\"lazy\" decoding=\"async\" width=\"340\" height=\"306\" src=\"https:\/\/www.peternet.biz\/website\/wp-content\/uploads\/2017\/09\/Peternet_icon_01_340x304-340x306.png\" class=\"attachment-340x306 size-340x306 wp-post-image\" alt=\"Peternet elektronikentwicklung und design\" \/>\r\n  <div class=\"rp_post_time\">\r\n    17 Sep.  <\/div>\r\n  <\/a><\/div>\r\n\r\n  <div class=\"post_ctn\">\r\n    <!-- .title -->\r\n    <div class=\"post-title\">\r\n      <h2><a href=\"https:\/\/www.peternet.biz\/de\/willkommen-auf-der-neuen-peternet-electronics-website\/\" title=\"Willkommen auf der neuen Peternet Electronics Website\">\r\n        Willkommen auf der neuen Peternet Electronics Website        <\/a>\r\n      <\/h2>\r\n    <\/div>\r\n    <!-- .title END-->\r\n\r\n    <!-- .entry -->\r\n    <div class=\"rp_entry\">\r\n\t<p>[vc_row][vc_column][vc_column_text]Unsere neue Website ist online mit vielen neuen Features und Verbesserungen. Wir entwickeln Elektronik f\u00fcr industrielle Anwendungen und f\u00fcr<\/p>\n<p><\/p>    <\/div>\r\n    <!-- .entry END -->\r\n\r\n    <!-- post-info -->\r\n    <div class=\"rp_post_info\"><a href=\"https:\/\/www.peternet.biz\/de\/willkommen-auf-der-neuen-peternet-electronics-website\/#respond\" class=\"comments-link\" >0 comment<\/a>  \/  <a href=\"https:\/\/www.peternet.biz\/de\/category\/peternet-neuigkeit\/\" rel=\"category tag\">Peternet neuigkeit<\/a>  \/  <a href=\"https:\/\/www.peternet.biz\/de\/willkommen-auf-der-neuen-peternet-electronics-website\/\" title=\"Willkommen auf der neuen Peternet Electronics Website\">Read More<\/a><\/div>\r\n\r\n    <!-- post-info END-->\r\n  <\/div>\r\n  <!-- post-content END-->\r\n\r\n<!-- post END -->\r\n\r\n<\/div>\r\n<\/div>\r\n[\/vc_column][\/vc_row]<\/p>\n<\/div>","protected":false},"excerpt":{"rendered":"<p>[vc_row][vc_column][vc_column_text]Unsere neue Website ist online mit vielen neuen Features und Verbesserungen. Wir entwickeln Elektronik f\u00fcr industrielle Anwendungen und f\u00fcr<\/p>\n","protected":false},"author":1,"featured_media":0,"parent":0,"menu_order":0,"comment_status":"closed","ping_status":"open","template":"","meta":{"footnotes":""},"class_list":["post-81","page","type-page","status-publish","hentry"],"yoast_head":"<!-- This site is optimized with the Yoast SEO Premium plugin v27.4 (Yoast SEO v27.4) - https:\/\/yoast.com\/product\/yoast-seo-premium-wordpress\/ -->\n<title>Peternet Electronics Electronics Design und Softwareentwicklung<\/title>\n<meta name=\"description\" content=\"Peternet Electronics entwickelt Elektronik und elektronikbezogene Sondersoftware. Wir unterst\u00fctzen Sie bei der Herstellung Ihrer Leiterplatten.\" \/>\n<meta name=\"robots\" content=\"index, follow, max-snippet:-1, max-image-preview:large, max-video-preview:-1\" \/>\n<link rel=\"canonical\" href=\"https:\/\/www.peternet.biz\/de\/\" \/>\n<meta property=\"og:locale\" content=\"de_DE\" \/>\n<meta property=\"og:type\" content=\"article\" \/>\n<meta property=\"og:title\" content=\"Peternet Electronics Electronics Design und Softwareentwicklung\" \/>\n<meta property=\"og:description\" content=\"Peternet Electronics entwickelt Elektronik und elektronikbezogene Sondersoftware. Wir unterst\u00fctzen Sie bei der Herstellung Ihrer Leiterplatten.\" \/>\n<meta property=\"og:url\" content=\"https:\/\/www.peternet.biz\/de\/\" \/>\n<meta property=\"og:site_name\" content=\"Peternet Electronics\" \/>\n<meta property=\"article:publisher\" content=\"https:\/\/www.facebook.com\/PeternetElectronicsBVBA\/\" \/>\n<meta property=\"article:modified_time\" content=\"2019-09-25T18:56:26+00:00\" \/>\n<meta name=\"twitter:card\" content=\"summary_large_image\" \/>\n<meta name=\"twitter:label1\" content=\"Gesch\u00e4tzte Lesezeit\" \/>\n\t<meta name=\"twitter:data1\" content=\"4\u00a0Minuten\" \/>\n<script type=\"application\/ld+json\" class=\"yoast-schema-graph\">{\"@context\":\"https:\\\/\\\/schema.org\",\"@graph\":[{\"@type\":\"WebPage\",\"@id\":\"https:\\\/\\\/www.peternet.biz\\\/de\\\/\",\"url\":\"https:\\\/\\\/www.peternet.biz\\\/de\\\/\",\"name\":\"Peternet Electronics Electronics Design und Softwareentwicklung\",\"isPartOf\":{\"@id\":\"https:\\\/\\\/www.peternet.biz\\\/de\\\/#website\"},\"datePublished\":\"2017-09-17T22:06:41+00:00\",\"dateModified\":\"2019-09-25T18:56:26+00:00\",\"description\":\"Peternet Electronics entwickelt Elektronik und elektronikbezogene Sondersoftware. Wir unterst\u00fctzen Sie bei der Herstellung Ihrer Leiterplatten.\",\"inLanguage\":\"de\",\"potentialAction\":[{\"@type\":\"ReadAction\",\"target\":[\"https:\\\/\\\/www.peternet.biz\\\/de\\\/\"]}]},{\"@type\":\"WebSite\",\"@id\":\"https:\\\/\\\/www.peternet.biz\\\/de\\\/#website\",\"url\":\"https:\\\/\\\/www.peternet.biz\\\/de\\\/\",\"name\":\"Peternet Electronics\",\"description\":\"elektronica ontwikkeling en ontwerp electronic development and design elektronikdesign elektronikentwicklung d\u00e9veloppement de l&#039;\u00e9lectronique\",\"publisher\":{\"@id\":\"https:\\\/\\\/www.peternet.biz\\\/de\\\/#organization\"},\"potentialAction\":[{\"@type\":\"SearchAction\",\"target\":{\"@type\":\"EntryPoint\",\"urlTemplate\":\"https:\\\/\\\/www.peternet.biz\\\/de\\\/?s={search_term_string}\"},\"query-input\":{\"@type\":\"PropertyValueSpecification\",\"valueRequired\":true,\"valueName\":\"search_term_string\"}}],\"inLanguage\":\"de\"},{\"@type\":\"Organization\",\"@id\":\"https:\\\/\\\/www.peternet.biz\\\/de\\\/#organization\",\"name\":\"Peternet Electronics\",\"url\":\"https:\\\/\\\/www.peternet.biz\\\/de\\\/\",\"logo\":{\"@type\":\"ImageObject\",\"inLanguage\":\"de\",\"@id\":\"https:\\\/\\\/www.peternet.biz\\\/de\\\/#\\\/schema\\\/logo\\\/image\\\/\",\"url\":\"https:\\\/\\\/www.peternet.biz\\\/website\\\/wp-content\\\/uploads\\\/2017\\\/09\\\/Peternet_logo_01_475x133.png\",\"contentUrl\":\"https:\\\/\\\/www.peternet.biz\\\/website\\\/wp-content\\\/uploads\\\/2017\\\/09\\\/Peternet_logo_01_475x133.png\",\"width\":475,\"height\":133,\"caption\":\"Peternet Electronics\"},\"image\":{\"@id\":\"https:\\\/\\\/www.peternet.biz\\\/de\\\/#\\\/schema\\\/logo\\\/image\\\/\"},\"sameAs\":[\"https:\\\/\\\/www.facebook.com\\\/PeternetElectronicsBVBA\\\/\",\"https:\\\/\\\/www.linkedin.com\\\/in\\\/peterclaus\\\/\"]}]}<\/script>\n<!-- \/ Yoast SEO Premium plugin. -->","yoast_head_json":{"title":"Peternet Electronics Electronics Design und Softwareentwicklung","description":"Peternet Electronics entwickelt Elektronik und elektronikbezogene Sondersoftware. Wir unterst\u00fctzen Sie bei der Herstellung Ihrer Leiterplatten.","robots":{"index":"index","follow":"follow","max-snippet":"max-snippet:-1","max-image-preview":"max-image-preview:large","max-video-preview":"max-video-preview:-1"},"canonical":"https:\/\/www.peternet.biz\/de\/","og_locale":"de_DE","og_type":"article","og_title":"Peternet Electronics Electronics Design und Softwareentwicklung","og_description":"Peternet Electronics entwickelt Elektronik und elektronikbezogene Sondersoftware. Wir unterst\u00fctzen Sie bei der Herstellung Ihrer Leiterplatten.","og_url":"https:\/\/www.peternet.biz\/de\/","og_site_name":"Peternet Electronics","article_publisher":"https:\/\/www.facebook.com\/PeternetElectronicsBVBA\/","article_modified_time":"2019-09-25T18:56:26+00:00","twitter_card":"summary_large_image","twitter_misc":{"Gesch\u00e4tzte Lesezeit":"4\u00a0Minuten"},"schema":{"@context":"https:\/\/schema.org","@graph":[{"@type":"WebPage","@id":"https:\/\/www.peternet.biz\/de\/","url":"https:\/\/www.peternet.biz\/de\/","name":"Peternet Electronics Electronics Design und Softwareentwicklung","isPartOf":{"@id":"https:\/\/www.peternet.biz\/de\/#website"},"datePublished":"2017-09-17T22:06:41+00:00","dateModified":"2019-09-25T18:56:26+00:00","description":"Peternet Electronics entwickelt Elektronik und elektronikbezogene Sondersoftware. Wir unterst\u00fctzen Sie bei der Herstellung Ihrer Leiterplatten.","inLanguage":"de","potentialAction":[{"@type":"ReadAction","target":["https:\/\/www.peternet.biz\/de\/"]}]},{"@type":"WebSite","@id":"https:\/\/www.peternet.biz\/de\/#website","url":"https:\/\/www.peternet.biz\/de\/","name":"Peternet Electronics","description":"elektronica ontwikkeling en ontwerp electronic development and design elektronikdesign elektronikentwicklung d\u00e9veloppement de l&#039;\u00e9lectronique","publisher":{"@id":"https:\/\/www.peternet.biz\/de\/#organization"},"potentialAction":[{"@type":"SearchAction","target":{"@type":"EntryPoint","urlTemplate":"https:\/\/www.peternet.biz\/de\/?s={search_term_string}"},"query-input":{"@type":"PropertyValueSpecification","valueRequired":true,"valueName":"search_term_string"}}],"inLanguage":"de"},{"@type":"Organization","@id":"https:\/\/www.peternet.biz\/de\/#organization","name":"Peternet Electronics","url":"https:\/\/www.peternet.biz\/de\/","logo":{"@type":"ImageObject","inLanguage":"de","@id":"https:\/\/www.peternet.biz\/de\/#\/schema\/logo\/image\/","url":"https:\/\/www.peternet.biz\/website\/wp-content\/uploads\/2017\/09\/Peternet_logo_01_475x133.png","contentUrl":"https:\/\/www.peternet.biz\/website\/wp-content\/uploads\/2017\/09\/Peternet_logo_01_475x133.png","width":475,"height":133,"caption":"Peternet Electronics"},"image":{"@id":"https:\/\/www.peternet.biz\/de\/#\/schema\/logo\/image\/"},"sameAs":["https:\/\/www.facebook.com\/PeternetElectronicsBVBA\/","https:\/\/www.linkedin.com\/in\/peterclaus\/"]}]}},"_links":{"self":[{"href":"https:\/\/www.peternet.biz\/de\/wp-json\/wp\/v2\/pages\/81","targetHints":{"allow":["GET"]}}],"collection":[{"href":"https:\/\/www.peternet.biz\/de\/wp-json\/wp\/v2\/pages"}],"about":[{"href":"https:\/\/www.peternet.biz\/de\/wp-json\/wp\/v2\/types\/page"}],"author":[{"embeddable":true,"href":"https:\/\/www.peternet.biz\/de\/wp-json\/wp\/v2\/users\/1"}],"replies":[{"embeddable":true,"href":"https:\/\/www.peternet.biz\/de\/wp-json\/wp\/v2\/comments?post=81"}],"version-history":[{"count":9,"href":"https:\/\/www.peternet.biz\/de\/wp-json\/wp\/v2\/pages\/81\/revisions"}],"predecessor-version":[{"id":469,"href":"https:\/\/www.peternet.biz\/de\/wp-json\/wp\/v2\/pages\/81\/revisions\/469"}],"wp:attachment":[{"href":"https:\/\/www.peternet.biz\/de\/wp-json\/wp\/v2\/media?parent=81"}],"curies":[{"name":"wp","href":"https:\/\/api.w.org\/{rel}","templated":true}]}}