{"id":211,"date":"2017-09-19T16:07:29","date_gmt":"2017-09-19T16:07:29","guid":{"rendered":"https:\/\/www.peternet.biz\/website\/?page_id=211"},"modified":"2017-09-19T16:07:29","modified_gmt":"2017-09-19T16:07:29","slug":"allgemeine-verkaufsbedingungen","status":"publish","type":"page","link":"https:\/\/www.peternet.biz\/de\/allgemeine-verkaufsbedingungen\/","title":{"rendered":"Allgemeine verkaufsbedingungen"},"content":{"rendered":"<div class=\"wpb-content-wrapper\"><p>[vc_row][vc_column][vc_column_text]<\/p>\n<h1>Allgemeine verkaufsbedingungen<\/h1>\n<h2>1. Legalit\u00e4t<\/h2>\n<p style=\"padding-left: 30px;\">a. Diese Bedingungen sind Bestandteil aller Vereinbarungen mit Peternet Electronics BVBA. Es kann nur schriftlich geschrieben werden. Sie gelten unbeschadet aller anderen Bedingungen des K\u00e4ufers, soweit diese im Widerspruch zum ersten stehen. Wenn irgendwelche oder alle dieser Bedingungen oder Bedingungen illegal sind oder bleiben, bleiben alle anderen Bestimmungen unbeschadet.<\/p>\n<h2>2. \u00dcbertragung von Eigentum und Risiken<\/h2>\n<p style=\"padding-left: 30px;\">a. Peternet Electronics BVBA beh\u00e4lt sich das Eigentum an der Ware vor, bis Peternet Electronics BVBA die volle Zahlung erhalten hat. Daher darf der K\u00e4ufer die Ware nicht \u00fcbertragen, solange er nicht \u00fcbertragen oder an Dritte weitergegeben wird. Peternet Electronics BVBA kann jederzeit eine Vorauszahlung oder Zahlung vor Lieferung verlangen.<\/p>\n<p style=\"padding-left: 30px;\">b. Alle Risiken im Zusammenhang mit den verkauften Waren werden vom K\u00e4ufer getragen, sobald diese Waren das Lager von Peternet Electronics BVBA verlassen.<\/p>\n<p style=\"padding-left: 30px;\">c. Der Transport ist immer auf Gefahr des K\u00e4ufers, auch wenn die Transportkosten an Peternet Electronics BVBA verrechnet werden, auch wenn der Wagen von einem Peternet Electronics BVBA Fahrzeug durchgef\u00fchrt wird.<\/p>\n<p style=\"padding-left: 30px;\">d. Alle Schemata, Dokumentation, Produktionsprozesse, Handb\u00fccher, Software, unabh\u00e4ngig davon, ob sie zu einem Ger\u00e4t oder einer elektronischen Schaltung geh\u00f6ren oder nicht, elektronisch entworfen oder hergestellt von Peternet Electronics BVBA, sind im Besitz von Peternet Electronics BVBA. Der Kunde wird es niemals an Dritte weitergeben oder multiplizieren.<\/p>\n<h2>3. Zahlungsbedingungen<\/h2>\n<p style=\"padding-left: 30px;\">a. Unsere Rechnungen sind sp\u00e4testens am drei\u00dfigsten Tag nach Rechnungsdatum zahlbar, wenn keine Barzahlung oder Vorauszahlung beantragt wird.<\/p>\n<p style=\"padding-left: 30px;\">b. Jede unbezahlte Rechnung erh\u00f6ht die Zinss\u00e4tze von 1,25% auf monatlicher Basis vom F\u00e4lligkeitsdatum ohne Vorank\u00fcndigung.<\/p>\n<p style=\"padding-left: 30px;\">c. Dar\u00fcber hinaus wird die Schuld aufgrund fehlender Zahlung am F\u00e4lligkeitstag um 15% des Rechnungsbetrages um mindestens 75 Euro erh\u00f6ht. Dies gilt f\u00fcr eine pauschale Entsch\u00e4digung f\u00fcr die anderen Aufwendungen als den Zinsverlust und die tats\u00e4chlichen Gerichtsgeb\u00fchren.<\/p>\n<h2>4. Preise und Lieferung<\/h2>\n<p style=\"padding-left: 30px;\">a. Unsere Angebote sind kostenlos und unverbindlich gemacht und haben einen G\u00fcltigkeitszeitraum von 30 Tagen.<\/p>\n<p style=\"padding-left: 30px;\">b. Lieferfristen gelten so streng wie m\u00f6glich, versp\u00e4tete Lieferung kann niemals zu einer Entsch\u00e4digung oder K\u00fcndigung des Vertrages f\u00fchren, es sei denn, es ist ausdr\u00fccklich auf dem Bestellformular in einem besonderen Zustand angegeben.<\/p>\n<p style=\"padding-left: 30px;\">c. Der Kunde ist immer verpflichtet, nach Bestellung zu kaufen. Im Falle der Ablehnung werden alle entstandenen Kosten vom Kunden getragen und der Rechnungsbetrag um 10% erh\u00f6ht.<\/p>\n<p style=\"padding-left: 30px;\">d. Sichtbarer Schaden ist dem Frachtf\u00fchrer unverz\u00fcglich zu melden und auf dem Lieferschein zu best\u00e4tigen. Andernfalls gilt die Ware als gut erhalten, ohne sichtbare M\u00e4ngel. Danach k\u00f6nnen nur unsichtbare Fertigungsfehler als Reklamation betrachtet werden.<\/p>\n<p style=\"padding-left: 30px;\">e. Die zus\u00e4tzlichen Kosten, die durch Besch\u00e4digung von Elektroinstallationen oder Elektroger\u00e4ten, durch den Kunden oder durch Dritte verursacht werden, gehen zu Lasten des Kunden.<\/p>\n<p style=\"padding-left: 30px;\">f. Bei Bestellungen unter 50 Euro werden 12,50 Euro berechnet.<\/p>\n<p style=\"padding-left: 30px;\">g. Alle unsere Preise sind exklusive der Mehrwertsteuer, sofern nicht anders angegeben und k\u00f6nnen von uns ohne vorherige Ank\u00fcndigung ge\u00e4ndert werden.<\/p>\n<p style=\"padding-left: 30px;\">h. Teillieferungen werden gesondert in Rechnung gestellt und sind separat zu zahlen.<\/p>\n<p style=\"padding-left: 30px;\">i. Der Kunde muss jederzeit zusammenarbeiten, damit Peternet Electronics BVBA seine Produkte und Dienstleistungen auf normale Weise liefern oder ausf\u00fchren kann. Die Konsequenzen und Kosten f\u00fcr die nicht notwendige Zusammenarbeit gehen zu Lasten des Kunden.<\/p>\n<h2>5. Haftung<\/h2>\n<p style=\"padding-left: 30px;\">a. Als Garantiebedingungen gelten nur diejenigen, die vom Hersteller oder seinem Vertreter der verkauften Ware angegeben sind.<\/p>\n<p style=\"padding-left: 30px;\">b. Nur der Kunde ist f\u00fcr Unf\u00e4lle verantwortlich, die sich aus dem Besitz und \/ oder der Verwendung von Elektroinstallationen oder Elektroger\u00e4ten ergeben. Er k\u00fcmmert sich also um jede Geschichte gegen Peternet Electronics BVBA. Der Kunde gilt als Elektroinstallation oder Elektroger\u00e4te in der richtigen und sicheren Weise.<\/p>\n<p style=\"padding-left: 30px;\">c. Peternet Electronics BVBA haftet nicht f\u00fcr andere als die in den Garantiebedingungen genannten Kosten, die sich aus der schlechten oder nicht funktionierenden Ware ergeben oder reparieren k\u00f6nnen.<\/p>\n<p style=\"padding-left: 30px;\">d. Der Kunde pr\u00fcft es, zuerst jedes reparierte Einzelteil zu testen, bevor es in Auftrag gegeben wird.<\/p>\n<p style=\"padding-left: 30px;\">e. Im Falle eines Auftrags zur Herstellung oder Programmierung von Leiterplatten, Ger\u00e4ten oder allen anderen Datentr\u00e4gern, die auf Daten des Kunden basieren, erkl\u00e4ren sie alle Rechte (Eigentum, Urheberrecht etc.) auf dem Ger\u00e4t, der Komponente, der Software oder Design, f\u00fcr das er arbeiten kann. Er verliert jeglichen Verlust oder Schaden, der durch eine rechtswidrige Vervielf\u00e4ltigung verursacht wird.<\/p>\n<p style=\"padding-left: 30px;\">f. F\u00fcr die Erf\u00fcllung der Gew\u00e4hrleistung kann Peternet Electronics BVBA zwischen der Reparatur der mangelhaften Ware, dem Ersatz der M\u00e4ngel durch eine neue, die Wiederholung und die Anrechnung der vollen Kosten w\u00e4hlen. Am Ende muss der Kunde die komplette Lieferung an Peternet Electronics auf seine Kosten zur\u00fccksenden.<\/p>\n<h2>6. Beschwerden und zust\u00e4ndiges Gericht<\/h2>\n<p style=\"padding-left: 30px;\">a. Alle anderen Beschwerden als die in Art. 4d muss bei Peternet Electronics BVBA per Einschreiben sp\u00e4testens am siebten Tag nach Rechnungsdatum eingegangen sein. Anschlie\u00dfend entscheidet nur Peternet Electronics BVBA, ob die Beschwerde zul\u00e4ssig ist oder nicht.<\/p>\n<p style=\"padding-left: 30px;\">b. Alle unsere Vereinbarungen unterliegen dem belgischen Recht. F\u00fcr alle Streitigkeiten sind nur die Gerichte in Gent zugelassen.<\/p>\n<p>[\/vc_column_text][\/vc_column][\/vc_row]<\/p>\n<\/div>","protected":false},"excerpt":{"rendered":"<p>[vc_row][vc_column][vc_column_text] Allgemeine verkaufsbedingungen 1. Legalit\u00e4t a. Diese Bedingungen sind Bestandteil aller Vereinbarungen mit Peternet Electronics BVBA. Es kann nur schriftlich geschrieben werden. Sie gelten unbeschadet aller anderen Bedingungen des K\u00e4ufers, soweit diese im Widerspruch zum ersten stehen. Wenn irgendwelche oder alle dieser Bedingungen oder Bedingungen illegal sind oder bleiben, bleiben alle anderen Bestimmungen unbeschadet. 2.<br \/><a href=\"https:\/\/www.peternet.biz\/de\/allgemeine-verkaufsbedingungen\/\" class=\"more\">Read more<\/a><\/p>\n","protected":false},"author":1,"featured_media":0,"parent":0,"menu_order":0,"comment_status":"closed","ping_status":"closed","template":"","meta":{"footnotes":""},"class_list":["post-211","page","type-page","status-publish","hentry"],"yoast_head":"<!-- This site is optimized with the Yoast SEO Premium plugin v27.4 (Yoast SEO v27.4) - https:\/\/yoast.com\/product\/yoast-seo-premium-wordpress\/ -->\n<title>Allgemeine verkaufsbedingungen | Peternet Electronics<\/title>\n<meta name=\"robots\" content=\"index, follow, max-snippet:-1, max-image-preview:large, max-video-preview:-1\" \/>\n<link rel=\"canonical\" href=\"https:\/\/www.peternet.biz\/de\/allgemeine-verkaufsbedingungen\/\" \/>\n<meta property=\"og:locale\" content=\"de_DE\" \/>\n<meta property=\"og:type\" content=\"article\" \/>\n<meta property=\"og:title\" content=\"Allgemeine verkaufsbedingungen | Peternet Electronics\" \/>\n<meta property=\"og:description\" content=\"[vc_row][vc_column][vc_column_text] Allgemeine verkaufsbedingungen 1. Legalit\u00e4t a. Diese Bedingungen sind Bestandteil aller Vereinbarungen mit Peternet Electronics BVBA. Es kann nur schriftlich geschrieben werden. Sie gelten unbeschadet aller anderen Bedingungen des K\u00e4ufers, soweit diese im Widerspruch zum ersten stehen. Wenn irgendwelche oder alle dieser Bedingungen oder Bedingungen illegal sind oder bleiben, bleiben alle anderen Bestimmungen unbeschadet. 2.Read more\" \/>\n<meta property=\"og:url\" content=\"https:\/\/www.peternet.biz\/de\/allgemeine-verkaufsbedingungen\/\" \/>\n<meta property=\"og:site_name\" content=\"Peternet Electronics\" \/>\n<meta property=\"article:publisher\" content=\"https:\/\/www.facebook.com\/PeternetElectronicsBVBA\/\" \/>\n<meta name=\"twitter:card\" content=\"summary_large_image\" \/>\n<meta name=\"twitter:label1\" content=\"Gesch\u00e4tzte Lesezeit\" \/>\n\t<meta name=\"twitter:data1\" content=\"4\u00a0Minuten\" \/>\n<script type=\"application\/ld+json\" class=\"yoast-schema-graph\">{\"@context\":\"https:\\\/\\\/schema.org\",\"@graph\":[{\"@type\":\"WebPage\",\"@id\":\"https:\\\/\\\/www.peternet.biz\\\/de\\\/allgemeine-verkaufsbedingungen\\\/\",\"url\":\"https:\\\/\\\/www.peternet.biz\\\/de\\\/allgemeine-verkaufsbedingungen\\\/\",\"name\":\"Allgemeine verkaufsbedingungen | Peternet Electronics\",\"isPartOf\":{\"@id\":\"https:\\\/\\\/www.peternet.biz\\\/de\\\/#website\"},\"datePublished\":\"2017-09-19T16:07:29+00:00\",\"inLanguage\":\"de\",\"potentialAction\":[{\"@type\":\"ReadAction\",\"target\":[\"https:\\\/\\\/www.peternet.biz\\\/de\\\/allgemeine-verkaufsbedingungen\\\/\"]}]},{\"@type\":\"WebSite\",\"@id\":\"https:\\\/\\\/www.peternet.biz\\\/de\\\/#website\",\"url\":\"https:\\\/\\\/www.peternet.biz\\\/de\\\/\",\"name\":\"Peternet Electronics\",\"description\":\"elektronica ontwikkeling en ontwerp electronic development and design elektronikdesign elektronikentwicklung d\u00e9veloppement de l&#039;\u00e9lectronique\",\"publisher\":{\"@id\":\"https:\\\/\\\/www.peternet.biz\\\/de\\\/#organization\"},\"potentialAction\":[{\"@type\":\"SearchAction\",\"target\":{\"@type\":\"EntryPoint\",\"urlTemplate\":\"https:\\\/\\\/www.peternet.biz\\\/de\\\/?s={search_term_string}\"},\"query-input\":{\"@type\":\"PropertyValueSpecification\",\"valueRequired\":true,\"valueName\":\"search_term_string\"}}],\"inLanguage\":\"de\"},{\"@type\":\"Organization\",\"@id\":\"https:\\\/\\\/www.peternet.biz\\\/de\\\/#organization\",\"name\":\"Peternet Electronics\",\"url\":\"https:\\\/\\\/www.peternet.biz\\\/de\\\/\",\"logo\":{\"@type\":\"ImageObject\",\"inLanguage\":\"de\",\"@id\":\"https:\\\/\\\/www.peternet.biz\\\/de\\\/#\\\/schema\\\/logo\\\/image\\\/\",\"url\":\"https:\\\/\\\/www.peternet.biz\\\/website\\\/wp-content\\\/uploads\\\/2017\\\/09\\\/Peternet_logo_01_475x133.png\",\"contentUrl\":\"https:\\\/\\\/www.peternet.biz\\\/website\\\/wp-content\\\/uploads\\\/2017\\\/09\\\/Peternet_logo_01_475x133.png\",\"width\":475,\"height\":133,\"caption\":\"Peternet Electronics\"},\"image\":{\"@id\":\"https:\\\/\\\/www.peternet.biz\\\/de\\\/#\\\/schema\\\/logo\\\/image\\\/\"},\"sameAs\":[\"https:\\\/\\\/www.facebook.com\\\/PeternetElectronicsBVBA\\\/\",\"https:\\\/\\\/www.linkedin.com\\\/in\\\/peterclaus\\\/\"]}]}<\/script>\n<!-- \/ Yoast SEO Premium plugin. -->","yoast_head_json":{"title":"Allgemeine verkaufsbedingungen | Peternet Electronics","robots":{"index":"index","follow":"follow","max-snippet":"max-snippet:-1","max-image-preview":"max-image-preview:large","max-video-preview":"max-video-preview:-1"},"canonical":"https:\/\/www.peternet.biz\/de\/allgemeine-verkaufsbedingungen\/","og_locale":"de_DE","og_type":"article","og_title":"Allgemeine verkaufsbedingungen | Peternet Electronics","og_description":"[vc_row][vc_column][vc_column_text] Allgemeine verkaufsbedingungen 1. Legalit\u00e4t a. Diese Bedingungen sind Bestandteil aller Vereinbarungen mit Peternet Electronics BVBA. Es kann nur schriftlich geschrieben werden. Sie gelten unbeschadet aller anderen Bedingungen des K\u00e4ufers, soweit diese im Widerspruch zum ersten stehen. Wenn irgendwelche oder alle dieser Bedingungen oder Bedingungen illegal sind oder bleiben, bleiben alle anderen Bestimmungen unbeschadet. 2.Read more","og_url":"https:\/\/www.peternet.biz\/de\/allgemeine-verkaufsbedingungen\/","og_site_name":"Peternet Electronics","article_publisher":"https:\/\/www.facebook.com\/PeternetElectronicsBVBA\/","twitter_card":"summary_large_image","twitter_misc":{"Gesch\u00e4tzte Lesezeit":"4\u00a0Minuten"},"schema":{"@context":"https:\/\/schema.org","@graph":[{"@type":"WebPage","@id":"https:\/\/www.peternet.biz\/de\/allgemeine-verkaufsbedingungen\/","url":"https:\/\/www.peternet.biz\/de\/allgemeine-verkaufsbedingungen\/","name":"Allgemeine verkaufsbedingungen | Peternet Electronics","isPartOf":{"@id":"https:\/\/www.peternet.biz\/de\/#website"},"datePublished":"2017-09-19T16:07:29+00:00","inLanguage":"de","potentialAction":[{"@type":"ReadAction","target":["https:\/\/www.peternet.biz\/de\/allgemeine-verkaufsbedingungen\/"]}]},{"@type":"WebSite","@id":"https:\/\/www.peternet.biz\/de\/#website","url":"https:\/\/www.peternet.biz\/de\/","name":"Peternet Electronics","description":"elektronica ontwikkeling en ontwerp electronic development and design elektronikdesign elektronikentwicklung d\u00e9veloppement de l&#039;\u00e9lectronique","publisher":{"@id":"https:\/\/www.peternet.biz\/de\/#organization"},"potentialAction":[{"@type":"SearchAction","target":{"@type":"EntryPoint","urlTemplate":"https:\/\/www.peternet.biz\/de\/?s={search_term_string}"},"query-input":{"@type":"PropertyValueSpecification","valueRequired":true,"valueName":"search_term_string"}}],"inLanguage":"de"},{"@type":"Organization","@id":"https:\/\/www.peternet.biz\/de\/#organization","name":"Peternet Electronics","url":"https:\/\/www.peternet.biz\/de\/","logo":{"@type":"ImageObject","inLanguage":"de","@id":"https:\/\/www.peternet.biz\/de\/#\/schema\/logo\/image\/","url":"https:\/\/www.peternet.biz\/website\/wp-content\/uploads\/2017\/09\/Peternet_logo_01_475x133.png","contentUrl":"https:\/\/www.peternet.biz\/website\/wp-content\/uploads\/2017\/09\/Peternet_logo_01_475x133.png","width":475,"height":133,"caption":"Peternet Electronics"},"image":{"@id":"https:\/\/www.peternet.biz\/de\/#\/schema\/logo\/image\/"},"sameAs":["https:\/\/www.facebook.com\/PeternetElectronicsBVBA\/","https:\/\/www.linkedin.com\/in\/peterclaus\/"]}]}},"_links":{"self":[{"href":"https:\/\/www.peternet.biz\/de\/wp-json\/wp\/v2\/pages\/211","targetHints":{"allow":["GET"]}}],"collection":[{"href":"https:\/\/www.peternet.biz\/de\/wp-json\/wp\/v2\/pages"}],"about":[{"href":"https:\/\/www.peternet.biz\/de\/wp-json\/wp\/v2\/types\/page"}],"author":[{"embeddable":true,"href":"https:\/\/www.peternet.biz\/de\/wp-json\/wp\/v2\/users\/1"}],"replies":[{"embeddable":true,"href":"https:\/\/www.peternet.biz\/de\/wp-json\/wp\/v2\/comments?post=211"}],"version-history":[{"count":1,"href":"https:\/\/www.peternet.biz\/de\/wp-json\/wp\/v2\/pages\/211\/revisions"}],"predecessor-version":[{"id":212,"href":"https:\/\/www.peternet.biz\/de\/wp-json\/wp\/v2\/pages\/211\/revisions\/212"}],"wp:attachment":[{"href":"https:\/\/www.peternet.biz\/de\/wp-json\/wp\/v2\/media?parent=211"}],"curies":[{"name":"wp","href":"https:\/\/api.w.org\/{rel}","templated":true}]}}