{"id":154,"date":"2017-09-18T09:22:55","date_gmt":"2017-09-18T09:22:55","guid":{"rendered":"https:\/\/www.peternet.biz\/website\/uber-dich\/"},"modified":"2017-09-22T16:01:08","modified_gmt":"2017-09-22T16:01:08","slug":"kundenspezifische-elektronik-und-software","status":"publish","type":"page","link":"https:\/\/www.peternet.biz\/de\/kundenspezifische-elektronik-und-software\/","title":{"rendered":"\u00dcber dich"},"content":{"rendered":"<div class=\"wpb-content-wrapper\"><p>[vc_row][vc_column width=&#8220;1\/3&#8243;][vc_column_text]<\/p>\n<h1>Bauten Sie Ger\u00e4te und Maschinen?<\/h1>\n<p>Sie k\u00f6nnen nicht umgehen, einige Ger\u00e4te k\u00f6nnen etwas Kontrolle haben. Sie entwickeln und bauen Ger\u00e4te und Sie haben nicht das Fachwissen, um dies mit einem elektronischen Controller zu versorgen. Peternet Electronics entwickelt diese komplett <strong>auf Ihr Ger\u00e4t angepasst<\/strong>.[\/vc_column_text][\/vc_column][vc_column width=&#8220;1\/3&#8243;][vc_column_text]<\/p>\n<h1>Sie haben einen vor\u00fcbergehenden Mangel an Ingenieurkapazit\u00e4t?<\/h1>\n<p>Sie haben Ihre eigene Elektronikabteilung mit eigenen Spezialisten. Manchmal kommt es vor, dass die Menge an Ingenieurarbeiten vor\u00fcbergehend die verf\u00fcgbare Kapazit\u00e4t Ihrer eigenen Leute \u00fcbersteigt oder dass Ihre Elektronik-Ingenieure so viele Peripherieaufgaben (Meetings, Projektnachfolge, technische Unterst\u00fctzung etc.) haben, um sie schwer zu machen, ihre Kernaufgabe zu erreichen Entwickeln der Elektronik f\u00fcr Ihre Produkte. Zus\u00e4tzliche Personen in dauerhafter Besch\u00e4ftigung sind in solchen Situationen aufgrund der vor\u00fcbergehenden Natur oft nicht wirtschaftlich verantwortlich. Wir k\u00f6nnen <strong>dort vor Ort<\/strong> sein, um Ihre <strong>Ingenieurkapazit\u00e4ten<\/strong> vor\u00fcbergehend <strong>zu erweitern<\/strong> und Ihr Produkt schneller <strong>auf den Markt zu bringen<\/strong>.[\/vc_column_text][\/vc_column][vc_column width=&#8220;1\/3&#8243;][vc_column_text]<\/p>\n<h1>Sie wollen nicht selbst bestimmte Elektronik-Ingenieuraufgaben machen?<\/h1>\n<p>Insbesondere m\u00f6chten Sie sich auf die <strong>Funktionalit\u00e4t Ihres Produktes<\/strong> auf einer h\u00f6heren Ebene <strong>konzentrieren<\/strong> und nur teilweise die Elektronik und die Steuerung umsetzen und die gesamte Implementierung nicht abschlie\u00dfen. <strong>Die Zeit, die Sie mit diesem gewinnen<\/strong>, kann in Ihr Produkt selbst investieren. Hier k\u00f6nnen Sie an Blockdiagramme denken, die wir in elektronische Schemata erarbeiten oder das PCB-Layout eines elektronischen Schemas ausf\u00fchren, das f\u00fcr Ihre entwickelte Hardware entwickelt oder entwickelt wurde. F\u00fcr jeden Aspekt des elektronischen Entwicklungsprozesses k\u00f6nnen wir bestimmte <strong>Aufgaben \u00fcbernehmen<\/strong>.[\/vc_column_text][\/vc_column][\/vc_row]<\/p>\n<\/div>","protected":false},"excerpt":{"rendered":"<p>[vc_row][vc_column width=&#8220;1\/3&#8243;][vc_column_text] Bauten Sie Ger\u00e4te und Maschinen? Sie k\u00f6nnen nicht umgehen, einige Ger\u00e4te k\u00f6nnen etwas Kontrolle haben. Sie entwickeln und bauen Ger\u00e4te und Sie haben nicht das Fachwissen, um dies mit einem elektronischen Controller zu versorgen. Peternet Electronics entwickelt diese komplett auf Ihr Ger\u00e4t angepasst.[\/vc_column_text][\/vc_column][vc_column width=&#8220;1\/3&#8243;][vc_column_text] Sie haben einen vor\u00fcbergehenden Mangel an Ingenieurkapazit\u00e4t? Sie haben<br \/><a href=\"https:\/\/www.peternet.biz\/de\/kundenspezifische-elektronik-und-software\/\" class=\"more\">Read more<\/a><\/p>\n","protected":false},"author":1,"featured_media":0,"parent":0,"menu_order":0,"comment_status":"closed","ping_status":"closed","template":"","meta":{"footnotes":""},"class_list":["post-154","page","type-page","status-publish","hentry"],"yoast_head":"<!-- This site is optimized with the Yoast SEO Premium plugin v27.4 (Yoast SEO v27.4) - https:\/\/yoast.com\/product\/yoast-seo-premium-wordpress\/ -->\n<title>Peternet Electronics | Kundenspezifische Elektronik und Software<\/title>\n<meta name=\"description\" content=\"Sie entwickeln ein Ger\u00e4t oder eine Maschine? Wir k\u00f6nnen die notwendigen elektronischen Leiterplatten und Software entwickeln.\" \/>\n<meta name=\"robots\" content=\"index, follow, max-snippet:-1, max-image-preview:large, max-video-preview:-1\" \/>\n<link rel=\"canonical\" href=\"https:\/\/www.peternet.biz\/de\/kundenspezifische-elektronik-und-software\/\" \/>\n<meta property=\"og:locale\" content=\"de_DE\" \/>\n<meta property=\"og:type\" content=\"article\" \/>\n<meta property=\"og:title\" content=\"Peternet Electronics | Kundenspezifische Elektronik und Software\" \/>\n<meta property=\"og:description\" content=\"Sie entwickeln ein Ger\u00e4t oder eine Maschine? Wir k\u00f6nnen die notwendigen elektronischen Leiterplatten und Software entwickeln.\" \/>\n<meta property=\"og:url\" content=\"https:\/\/www.peternet.biz\/de\/kundenspezifische-elektronik-und-software\/\" \/>\n<meta property=\"og:site_name\" content=\"Peternet Electronics\" \/>\n<meta property=\"article:publisher\" content=\"https:\/\/www.facebook.com\/PeternetElectronicsBVBA\/\" \/>\n<meta property=\"article:modified_time\" content=\"2017-09-22T16:01:08+00:00\" \/>\n<meta name=\"twitter:card\" content=\"summary_large_image\" \/>\n<meta name=\"twitter:label1\" content=\"Gesch\u00e4tzte Lesezeit\" \/>\n\t<meta name=\"twitter:data1\" content=\"1\u00a0Minute\" \/>\n<script type=\"application\/ld+json\" class=\"yoast-schema-graph\">{\"@context\":\"https:\\\/\\\/schema.org\",\"@graph\":[{\"@type\":\"WebPage\",\"@id\":\"https:\\\/\\\/www.peternet.biz\\\/de\\\/kundenspezifische-elektronik-und-software\\\/\",\"url\":\"https:\\\/\\\/www.peternet.biz\\\/de\\\/kundenspezifische-elektronik-und-software\\\/\",\"name\":\"Peternet Electronics | Kundenspezifische Elektronik und Software\",\"isPartOf\":{\"@id\":\"https:\\\/\\\/www.peternet.biz\\\/de\\\/#website\"},\"datePublished\":\"2017-09-18T09:22:55+00:00\",\"dateModified\":\"2017-09-22T16:01:08+00:00\",\"description\":\"Sie entwickeln ein Ger\u00e4t oder eine Maschine? Wir k\u00f6nnen die notwendigen elektronischen Leiterplatten und Software entwickeln.\",\"inLanguage\":\"de\",\"potentialAction\":[{\"@type\":\"ReadAction\",\"target\":[\"https:\\\/\\\/www.peternet.biz\\\/de\\\/kundenspezifische-elektronik-und-software\\\/\"]}]},{\"@type\":\"WebSite\",\"@id\":\"https:\\\/\\\/www.peternet.biz\\\/de\\\/#website\",\"url\":\"https:\\\/\\\/www.peternet.biz\\\/de\\\/\",\"name\":\"Peternet Electronics\",\"description\":\"elektronica ontwikkeling en ontwerp electronic development and design elektronikdesign elektronikentwicklung d\u00e9veloppement de l&#039;\u00e9lectronique\",\"publisher\":{\"@id\":\"https:\\\/\\\/www.peternet.biz\\\/de\\\/#organization\"},\"potentialAction\":[{\"@type\":\"SearchAction\",\"target\":{\"@type\":\"EntryPoint\",\"urlTemplate\":\"https:\\\/\\\/www.peternet.biz\\\/de\\\/?s={search_term_string}\"},\"query-input\":{\"@type\":\"PropertyValueSpecification\",\"valueRequired\":true,\"valueName\":\"search_term_string\"}}],\"inLanguage\":\"de\"},{\"@type\":\"Organization\",\"@id\":\"https:\\\/\\\/www.peternet.biz\\\/de\\\/#organization\",\"name\":\"Peternet Electronics\",\"url\":\"https:\\\/\\\/www.peternet.biz\\\/de\\\/\",\"logo\":{\"@type\":\"ImageObject\",\"inLanguage\":\"de\",\"@id\":\"https:\\\/\\\/www.peternet.biz\\\/de\\\/#\\\/schema\\\/logo\\\/image\\\/\",\"url\":\"https:\\\/\\\/www.peternet.biz\\\/website\\\/wp-content\\\/uploads\\\/2017\\\/09\\\/Peternet_logo_01_475x133.png\",\"contentUrl\":\"https:\\\/\\\/www.peternet.biz\\\/website\\\/wp-content\\\/uploads\\\/2017\\\/09\\\/Peternet_logo_01_475x133.png\",\"width\":475,\"height\":133,\"caption\":\"Peternet Electronics\"},\"image\":{\"@id\":\"https:\\\/\\\/www.peternet.biz\\\/de\\\/#\\\/schema\\\/logo\\\/image\\\/\"},\"sameAs\":[\"https:\\\/\\\/www.facebook.com\\\/PeternetElectronicsBVBA\\\/\",\"https:\\\/\\\/www.linkedin.com\\\/in\\\/peterclaus\\\/\"]}]}<\/script>\n<!-- \/ Yoast SEO Premium plugin. -->","yoast_head_json":{"title":"Peternet Electronics | Kundenspezifische Elektronik und Software","description":"Sie entwickeln ein Ger\u00e4t oder eine Maschine? Wir k\u00f6nnen die notwendigen elektronischen Leiterplatten und Software entwickeln.","robots":{"index":"index","follow":"follow","max-snippet":"max-snippet:-1","max-image-preview":"max-image-preview:large","max-video-preview":"max-video-preview:-1"},"canonical":"https:\/\/www.peternet.biz\/de\/kundenspezifische-elektronik-und-software\/","og_locale":"de_DE","og_type":"article","og_title":"Peternet Electronics | Kundenspezifische Elektronik und Software","og_description":"Sie entwickeln ein Ger\u00e4t oder eine Maschine? Wir k\u00f6nnen die notwendigen elektronischen Leiterplatten und Software entwickeln.","og_url":"https:\/\/www.peternet.biz\/de\/kundenspezifische-elektronik-und-software\/","og_site_name":"Peternet Electronics","article_publisher":"https:\/\/www.facebook.com\/PeternetElectronicsBVBA\/","article_modified_time":"2017-09-22T16:01:08+00:00","twitter_card":"summary_large_image","twitter_misc":{"Gesch\u00e4tzte Lesezeit":"1\u00a0Minute"},"schema":{"@context":"https:\/\/schema.org","@graph":[{"@type":"WebPage","@id":"https:\/\/www.peternet.biz\/de\/kundenspezifische-elektronik-und-software\/","url":"https:\/\/www.peternet.biz\/de\/kundenspezifische-elektronik-und-software\/","name":"Peternet Electronics | Kundenspezifische Elektronik und Software","isPartOf":{"@id":"https:\/\/www.peternet.biz\/de\/#website"},"datePublished":"2017-09-18T09:22:55+00:00","dateModified":"2017-09-22T16:01:08+00:00","description":"Sie entwickeln ein Ger\u00e4t oder eine Maschine? Wir k\u00f6nnen die notwendigen elektronischen Leiterplatten und Software entwickeln.","inLanguage":"de","potentialAction":[{"@type":"ReadAction","target":["https:\/\/www.peternet.biz\/de\/kundenspezifische-elektronik-und-software\/"]}]},{"@type":"WebSite","@id":"https:\/\/www.peternet.biz\/de\/#website","url":"https:\/\/www.peternet.biz\/de\/","name":"Peternet Electronics","description":"elektronica ontwikkeling en ontwerp electronic development and design elektronikdesign elektronikentwicklung d\u00e9veloppement de l&#039;\u00e9lectronique","publisher":{"@id":"https:\/\/www.peternet.biz\/de\/#organization"},"potentialAction":[{"@type":"SearchAction","target":{"@type":"EntryPoint","urlTemplate":"https:\/\/www.peternet.biz\/de\/?s={search_term_string}"},"query-input":{"@type":"PropertyValueSpecification","valueRequired":true,"valueName":"search_term_string"}}],"inLanguage":"de"},{"@type":"Organization","@id":"https:\/\/www.peternet.biz\/de\/#organization","name":"Peternet Electronics","url":"https:\/\/www.peternet.biz\/de\/","logo":{"@type":"ImageObject","inLanguage":"de","@id":"https:\/\/www.peternet.biz\/de\/#\/schema\/logo\/image\/","url":"https:\/\/www.peternet.biz\/website\/wp-content\/uploads\/2017\/09\/Peternet_logo_01_475x133.png","contentUrl":"https:\/\/www.peternet.biz\/website\/wp-content\/uploads\/2017\/09\/Peternet_logo_01_475x133.png","width":475,"height":133,"caption":"Peternet Electronics"},"image":{"@id":"https:\/\/www.peternet.biz\/de\/#\/schema\/logo\/image\/"},"sameAs":["https:\/\/www.facebook.com\/PeternetElectronicsBVBA\/","https:\/\/www.linkedin.com\/in\/peterclaus\/"]}]}},"_links":{"self":[{"href":"https:\/\/www.peternet.biz\/de\/wp-json\/wp\/v2\/pages\/154","targetHints":{"allow":["GET"]}}],"collection":[{"href":"https:\/\/www.peternet.biz\/de\/wp-json\/wp\/v2\/pages"}],"about":[{"href":"https:\/\/www.peternet.biz\/de\/wp-json\/wp\/v2\/types\/page"}],"author":[{"embeddable":true,"href":"https:\/\/www.peternet.biz\/de\/wp-json\/wp\/v2\/users\/1"}],"replies":[{"embeddable":true,"href":"https:\/\/www.peternet.biz\/de\/wp-json\/wp\/v2\/comments?post=154"}],"version-history":[{"count":3,"href":"https:\/\/www.peternet.biz\/de\/wp-json\/wp\/v2\/pages\/154\/revisions"}],"predecessor-version":[{"id":157,"href":"https:\/\/www.peternet.biz\/de\/wp-json\/wp\/v2\/pages\/154\/revisions\/157"}],"wp:attachment":[{"href":"https:\/\/www.peternet.biz\/de\/wp-json\/wp\/v2\/media?parent=154"}],"curies":[{"name":"wp","href":"https:\/\/api.w.org\/{rel}","templated":true}]}}